{"id":10281,"date":"2025-06-25T22:52:06","date_gmt":"2025-06-25T22:52:06","guid":{"rendered":"https:\/\/newhometr.com\/store\/?post_type=product&#038;p=10281"},"modified":"2025-06-28T13:31:12","modified_gmt":"2025-06-28T13:31:12","slug":"kupa-panc-seti-8-parca","status":"publish","type":"product","link":"https:\/\/newhometr.com\/store\/product\/kupa-panc-seti-8-parca\/","title":{"rendered":"KUPA PAN\u00c7 SET\u0130 8 PAR\u00c7A"},"content":{"rendered":"<p>\u00dcr\u00fcn A\u00e7\u0131klamas\u0131\/Bilgilendirme<br \/>\n\u2013 Yass\u0131 metal, bronz, bak\u0131r, al\u00fcminyum, ah\u015fap plastik ve MDF gibi malzemelerde delik a\u00e7mak i\u00e7in kullan\u0131l\u0131r.<\/p>\n<p>\u2013 8 Par\u00e7a<\/p>\n<p>\u2013 Y\u00fcksek performans ve kaliteli u\u00e7lar<\/p>\n<p>\u2013 Uzun \u00f6m\u00fcrl\u00fc kullan\u0131m<\/p>\n","protected":false},"excerpt":{"rendered":"<p>\u00dcr\u00fcn A\u00e7\u0131klamas\u0131\/Bilgilendirme \u2013 Yass\u0131 metal, bronz, bak\u0131r, al\u00fcminyum, ah\u015fap plastik ve MDF gibi malzemelerde delik a\u00e7mak i\u00e7in kullan\u0131l\u0131r. \u2013 8 Par\u00e7a \u2013 Y\u00fcksek performans ve kaliteli u\u00e7lar \u2013 Uzun \u00f6m\u00fcrl\u00fc kullan\u0131m<\/p>\n","protected":false},"featured_media":10282,"comment_status":"open","ping_status":"closed","template":"","meta":[],"product_brand":[],"product_cat":[466,38],"product_tag":[],"class_list":{"0":"post-10281","1":"product","2":"type-product","3":"status-publish","4":"has-post-thumbnail","6":"product_cat-electrical-equipment","7":"product_cat-tools","10":"instock","11":"shipping-taxable","12":"purchasable","13":"product-type-simple"},"_links":{"self":[{"href":"https:\/\/newhometr.com\/store\/wp-json\/wp\/v2\/product\/10281","targetHints":{"allow":["GET"]}}],"collection":[{"href":"https:\/\/newhometr.com\/store\/wp-json\/wp\/v2\/product"}],"about":[{"href":"https:\/\/newhometr.com\/store\/wp-json\/wp\/v2\/types\/product"}],"replies":[{"embeddable":true,"href":"https:\/\/newhometr.com\/store\/wp-json\/wp\/v2\/comments?post=10281"}],"version-history":[{"count":1,"href":"https:\/\/newhometr.com\/store\/wp-json\/wp\/v2\/product\/10281\/revisions"}],"predecessor-version":[{"id":10283,"href":"https:\/\/newhometr.com\/store\/wp-json\/wp\/v2\/product\/10281\/revisions\/10283"}],"wp:featuredmedia":[{"embeddable":true,"href":"https:\/\/newhometr.com\/store\/wp-json\/wp\/v2\/media\/10282"}],"wp:attachment":[{"href":"https:\/\/newhometr.com\/store\/wp-json\/wp\/v2\/media?parent=10281"}],"wp:term":[{"taxonomy":"product_brand","embeddable":true,"href":"https:\/\/newhometr.com\/store\/wp-json\/wp\/v2\/product_brand?post=10281"},{"taxonomy":"product_cat","embeddable":true,"href":"https:\/\/newhometr.com\/store\/wp-json\/wp\/v2\/product_cat?post=10281"},{"taxonomy":"product_tag","embeddable":true,"href":"https:\/\/newhometr.com\/store\/wp-json\/wp\/v2\/product_tag?post=10281"}],"curies":[{"name":"wp","href":"https:\/\/api.w.org\/{rel}","templated":true}]}}