{"id":10277,"date":"2025-06-25T22:49:42","date_gmt":"2025-06-25T22:49:42","guid":{"rendered":"https:\/\/newhometr.com\/store\/?post_type=product&#038;p=10277"},"modified":"2025-06-28T13:29:22","modified_gmt":"2025-06-28T13:29:22","slug":"tyson-sds-plus-matkap-ucu-10x110-mm","status":"publish","type":"product","link":"https:\/\/newhometr.com\/store\/product\/tyson-sds-plus-matkap-ucu-10x110-mm\/","title":{"rendered":"TYSON SDS PLUS MATKAP UCU 10&#215;110 MM"},"content":{"rendered":"<p>\u00dcr\u00fcn A\u00e7\u0131klamas\u0131\/Bilgilendirme<br \/>\n-Darbeli matkaplar ve k\u0131r\u0131c\u0131 deliciler i\u00e7in profesyonel SDS matkap u\u00e7lar\u0131<br \/>\n-\u00d6zg\u00fcn carbide u\u00e7 tasar\u0131m\u0131 ile kolay delme, minimum a\u015f\u0131nma.<\/p>\n","protected":false},"excerpt":{"rendered":"<p>\u00dcr\u00fcn A\u00e7\u0131klamas\u0131\/Bilgilendirme -Darbeli matkaplar ve k\u0131r\u0131c\u0131 deliciler i\u00e7in profesyonel SDS matkap u\u00e7lar\u0131 -\u00d6zg\u00fcn carbide u\u00e7 tasar\u0131m\u0131 ile kolay delme, minimum a\u015f\u0131nma.<\/p>\n","protected":false},"featured_media":10278,"comment_status":"open","ping_status":"closed","template":"","meta":[],"product_brand":[],"product_cat":[466,38],"product_tag":[],"class_list":{"0":"post-10277","1":"product","2":"type-product","3":"status-publish","4":"has-post-thumbnail","6":"product_cat-electrical-equipment","7":"product_cat-tools","10":"instock","11":"shipping-taxable","12":"purchasable","13":"product-type-simple"},"_links":{"self":[{"href":"https:\/\/newhometr.com\/store\/wp-json\/wp\/v2\/product\/10277","targetHints":{"allow":["GET"]}}],"collection":[{"href":"https:\/\/newhometr.com\/store\/wp-json\/wp\/v2\/product"}],"about":[{"href":"https:\/\/newhometr.com\/store\/wp-json\/wp\/v2\/types\/product"}],"replies":[{"embeddable":true,"href":"https:\/\/newhometr.com\/store\/wp-json\/wp\/v2\/comments?post=10277"}],"version-history":[{"count":2,"href":"https:\/\/newhometr.com\/store\/wp-json\/wp\/v2\/product\/10277\/revisions"}],"predecessor-version":[{"id":10280,"href":"https:\/\/newhometr.com\/store\/wp-json\/wp\/v2\/product\/10277\/revisions\/10280"}],"wp:featuredmedia":[{"embeddable":true,"href":"https:\/\/newhometr.com\/store\/wp-json\/wp\/v2\/media\/10278"}],"wp:attachment":[{"href":"https:\/\/newhometr.com\/store\/wp-json\/wp\/v2\/media?parent=10277"}],"wp:term":[{"taxonomy":"product_brand","embeddable":true,"href":"https:\/\/newhometr.com\/store\/wp-json\/wp\/v2\/product_brand?post=10277"},{"taxonomy":"product_cat","embeddable":true,"href":"https:\/\/newhometr.com\/store\/wp-json\/wp\/v2\/product_cat?post=10277"},{"taxonomy":"product_tag","embeddable":true,"href":"https:\/\/newhometr.com\/store\/wp-json\/wp\/v2\/product_tag?post=10277"}],"curies":[{"name":"wp","href":"https:\/\/api.w.org\/{rel}","templated":true}]}}