{"id":10273,"date":"2025-06-25T22:47:53","date_gmt":"2025-06-25T22:47:53","guid":{"rendered":"https:\/\/newhometr.com\/store\/?post_type=product&#038;p=10273"},"modified":"2025-06-28T13:28:09","modified_gmt":"2025-06-28T13:28:09","slug":"kupa-m14-boya-karistiricisi-120x500","status":"publish","type":"product","link":"https:\/\/newhometr.com\/store\/product\/kupa-m14-boya-karistiricisi-120x500\/","title":{"rendered":"KUPA M14 BOYA KARI\u015eTIRICISI 120&#215;500"},"content":{"rendered":"<p>\u00dcr\u00fcn A\u00e7\u0131klamas\u0131\/Bilgilendirme<br \/>\n\u2013 Yuvarlak sar\u0131m ve \u00e7inko kaplama<\/p>\n<p>\u2013 Y\u00fcksek d\u00f6nd\u00fcrme kabiliyeti<\/p>\n<p>\u2013 Boya, al\u00e7\u0131, vernik gibi malzemelerin kolay ve h\u0131zl\u0131 kar\u0131\u015ft\u0131r\u0131lmas\u0131 i\u00e7in \u00fcretilmi\u015ftir.<\/p>\n","protected":false},"excerpt":{"rendered":"<p>\u00dcr\u00fcn A\u00e7\u0131klamas\u0131\/Bilgilendirme \u2013 Yuvarlak sar\u0131m ve \u00e7inko kaplama \u2013 Y\u00fcksek d\u00f6nd\u00fcrme kabiliyeti \u2013 Boya, al\u00e7\u0131, vernik gibi malzemelerin kolay ve h\u0131zl\u0131 kar\u0131\u015ft\u0131r\u0131lmas\u0131 i\u00e7in \u00fcretilmi\u015ftir.<\/p>\n","protected":false},"featured_media":10274,"comment_status":"open","ping_status":"closed","template":"","meta":[],"product_brand":[],"product_cat":[466,38],"product_tag":[],"class_list":{"0":"post-10273","1":"product","2":"type-product","3":"status-publish","4":"has-post-thumbnail","6":"product_cat-electrical-equipment","7":"product_cat-tools","10":"instock","11":"shipping-taxable","12":"purchasable","13":"product-type-simple"},"_links":{"self":[{"href":"https:\/\/newhometr.com\/store\/wp-json\/wp\/v2\/product\/10273","targetHints":{"allow":["GET"]}}],"collection":[{"href":"https:\/\/newhometr.com\/store\/wp-json\/wp\/v2\/product"}],"about":[{"href":"https:\/\/newhometr.com\/store\/wp-json\/wp\/v2\/types\/product"}],"replies":[{"embeddable":true,"href":"https:\/\/newhometr.com\/store\/wp-json\/wp\/v2\/comments?post=10273"}],"version-history":[{"count":3,"href":"https:\/\/newhometr.com\/store\/wp-json\/wp\/v2\/product\/10273\/revisions"}],"predecessor-version":[{"id":10502,"href":"https:\/\/newhometr.com\/store\/wp-json\/wp\/v2\/product\/10273\/revisions\/10502"}],"wp:featuredmedia":[{"embeddable":true,"href":"https:\/\/newhometr.com\/store\/wp-json\/wp\/v2\/media\/10274"}],"wp:attachment":[{"href":"https:\/\/newhometr.com\/store\/wp-json\/wp\/v2\/media?parent=10273"}],"wp:term":[{"taxonomy":"product_brand","embeddable":true,"href":"https:\/\/newhometr.com\/store\/wp-json\/wp\/v2\/product_brand?post=10273"},{"taxonomy":"product_cat","embeddable":true,"href":"https:\/\/newhometr.com\/store\/wp-json\/wp\/v2\/product_cat?post=10273"},{"taxonomy":"product_tag","embeddable":true,"href":"https:\/\/newhometr.com\/store\/wp-json\/wp\/v2\/product_tag?post=10273"}],"curies":[{"name":"wp","href":"https:\/\/api.w.org\/{rel}","templated":true}]}}