{"id":10268,"date":"2025-06-25T22:45:26","date_gmt":"2025-06-25T22:45:26","guid":{"rendered":"https:\/\/newhometr.com\/store\/?post_type=product&#038;p=10268"},"modified":"2025-06-28T13:25:10","modified_gmt":"2025-06-28T13:25:10","slug":"kupa-boru-kesme-makasi-izoleli-manuel","status":"publish","type":"product","link":"https:\/\/newhometr.com\/store\/product\/kupa-boru-kesme-makasi-izoleli-manuel\/","title":{"rendered":"KUPA BORU KESME MAKASI \u0130ZOLEL\u0130 MANUEL"},"content":{"rendered":"<p>\u00dcr\u00fcn A\u00e7\u0131klamas\u0131\/Bilgilendirme<br \/>\n\u2013 Y\u00fcksek bas\u0131nca dayan\u0131kl\u0131 al\u00fcminyum g\u00f6vde<\/p>\n<p>\u2013 Is\u0131l i\u015flem uygulanm\u0131\u015f ve bilenmi\u015f y\u00fcksek karbon \u00e7eli\u011fi b\u0131\u00e7ak<\/p>\n<p>\u2013 Kolay kesim sa\u011flayan g\u00f6vde dizayn\u0131<\/p>\n","protected":false},"excerpt":{"rendered":"<p>\u00dcr\u00fcn A\u00e7\u0131klamas\u0131\/Bilgilendirme \u2013 Y\u00fcksek bas\u0131nca dayan\u0131kl\u0131 al\u00fcminyum g\u00f6vde \u2013 Is\u0131l i\u015flem uygulanm\u0131\u015f ve bilenmi\u015f y\u00fcksek karbon \u00e7eli\u011fi b\u0131\u00e7ak \u2013 Kolay kesim sa\u011flayan g\u00f6vde dizayn\u0131<\/p>\n","protected":false},"featured_media":10269,"comment_status":"open","ping_status":"closed","template":"","meta":[],"product_brand":[],"product_cat":[38,175],"product_tag":[],"class_list":{"0":"post-10268","1":"product","2":"type-product","3":"status-publish","4":"has-post-thumbnail","6":"product_cat-tools","7":"product_cat-hand-tools","10":"instock","11":"shipping-taxable","12":"purchasable","13":"product-type-simple"},"_links":{"self":[{"href":"https:\/\/newhometr.com\/store\/wp-json\/wp\/v2\/product\/10268","targetHints":{"allow":["GET"]}}],"collection":[{"href":"https:\/\/newhometr.com\/store\/wp-json\/wp\/v2\/product"}],"about":[{"href":"https:\/\/newhometr.com\/store\/wp-json\/wp\/v2\/types\/product"}],"replies":[{"embeddable":true,"href":"https:\/\/newhometr.com\/store\/wp-json\/wp\/v2\/comments?post=10268"}],"version-history":[{"count":2,"href":"https:\/\/newhometr.com\/store\/wp-json\/wp\/v2\/product\/10268\/revisions"}],"predecessor-version":[{"id":10271,"href":"https:\/\/newhometr.com\/store\/wp-json\/wp\/v2\/product\/10268\/revisions\/10271"}],"wp:featuredmedia":[{"embeddable":true,"href":"https:\/\/newhometr.com\/store\/wp-json\/wp\/v2\/media\/10269"}],"wp:attachment":[{"href":"https:\/\/newhometr.com\/store\/wp-json\/wp\/v2\/media?parent=10268"}],"wp:term":[{"taxonomy":"product_brand","embeddable":true,"href":"https:\/\/newhometr.com\/store\/wp-json\/wp\/v2\/product_brand?post=10268"},{"taxonomy":"product_cat","embeddable":true,"href":"https:\/\/newhometr.com\/store\/wp-json\/wp\/v2\/product_cat?post=10268"},{"taxonomy":"product_tag","embeddable":true,"href":"https:\/\/newhometr.com\/store\/wp-json\/wp\/v2\/product_tag?post=10268"}],"curies":[{"name":"wp","href":"https:\/\/api.w.org\/{rel}","templated":true}]}}