{"id":10265,"date":"2025-06-25T22:42:51","date_gmt":"2025-06-25T22:42:51","guid":{"rendered":"https:\/\/newhometr.com\/store\/?post_type=product&#038;p=10265"},"modified":"2025-06-28T13:23:58","modified_gmt":"2025-06-28T13:23:58","slug":"kupa-tesviyeci-cekic-1000-gr","status":"publish","type":"product","link":"https:\/\/newhometr.com\/store\/product\/kupa-tesviyeci-cekic-1000-gr\/","title":{"rendered":"KUPA TESV\u0130YEC\u0130 \u00c7EK\u0130\u00c7 1000 GR"},"content":{"rendered":"<p>\u00dcr\u00fcn A\u00e7\u0131klamas\u0131\/Bilgilendirme<br \/>\n\u2013 Extra konfor i\u00e7in ergonomik tutu\u015f<\/p>\n<p>\u2013 \u00d6zel ala\u015f\u0131ml\u0131 \u00e7elik, ind\u00fcksiyonda sertle\u015ftirilmi\u015f, elektrostatik boyanm\u0131\u015ft\u0131r.<\/p>\n<p>\u2013 Extra g\u00fc\u00e7l\u00fc<\/p>\n","protected":false},"excerpt":{"rendered":"<p>\u00dcr\u00fcn A\u00e7\u0131klamas\u0131\/Bilgilendirme \u2013 Extra konfor i\u00e7in ergonomik tutu\u015f \u2013 \u00d6zel ala\u015f\u0131ml\u0131 \u00e7elik, ind\u00fcksiyonda sertle\u015ftirilmi\u015f, elektrostatik boyanm\u0131\u015ft\u0131r. \u2013 Extra g\u00fc\u00e7l\u00fc<\/p>\n","protected":false},"featured_media":10266,"comment_status":"open","ping_status":"closed","template":"","meta":[],"product_brand":[],"product_cat":[38,175],"product_tag":[],"class_list":{"0":"post-10265","1":"product","2":"type-product","3":"status-publish","4":"has-post-thumbnail","6":"product_cat-tools","7":"product_cat-hand-tools","10":"instock","11":"shipping-taxable","12":"purchasable","13":"product-type-simple"},"_links":{"self":[{"href":"https:\/\/newhometr.com\/store\/wp-json\/wp\/v2\/product\/10265","targetHints":{"allow":["GET"]}}],"collection":[{"href":"https:\/\/newhometr.com\/store\/wp-json\/wp\/v2\/product"}],"about":[{"href":"https:\/\/newhometr.com\/store\/wp-json\/wp\/v2\/types\/product"}],"replies":[{"embeddable":true,"href":"https:\/\/newhometr.com\/store\/wp-json\/wp\/v2\/comments?post=10265"}],"version-history":[{"count":1,"href":"https:\/\/newhometr.com\/store\/wp-json\/wp\/v2\/product\/10265\/revisions"}],"predecessor-version":[{"id":10267,"href":"https:\/\/newhometr.com\/store\/wp-json\/wp\/v2\/product\/10265\/revisions\/10267"}],"wp:featuredmedia":[{"embeddable":true,"href":"https:\/\/newhometr.com\/store\/wp-json\/wp\/v2\/media\/10266"}],"wp:attachment":[{"href":"https:\/\/newhometr.com\/store\/wp-json\/wp\/v2\/media?parent=10265"}],"wp:term":[{"taxonomy":"product_brand","embeddable":true,"href":"https:\/\/newhometr.com\/store\/wp-json\/wp\/v2\/product_brand?post=10265"},{"taxonomy":"product_cat","embeddable":true,"href":"https:\/\/newhometr.com\/store\/wp-json\/wp\/v2\/product_cat?post=10265"},{"taxonomy":"product_tag","embeddable":true,"href":"https:\/\/newhometr.com\/store\/wp-json\/wp\/v2\/product_tag?post=10265"}],"curies":[{"name":"wp","href":"https:\/\/api.w.org\/{rel}","templated":true}]}}