{"id":10262,"date":"2025-06-25T22:37:31","date_gmt":"2025-06-25T22:37:31","guid":{"rendered":"https:\/\/newhometr.com\/store\/?post_type=product&#038;p=10262"},"modified":"2025-06-28T13:22:43","modified_gmt":"2025-06-28T13:22:43","slug":"kupa-sase-pensesi-300-a","status":"publish","type":"product","link":"https:\/\/newhometr.com\/store\/product\/kupa-sase-pensesi-300-a\/","title":{"rendered":"KUPA \u015eASE PENSES\u0130 300 A"},"content":{"rendered":"<p>\u00dcr\u00fcn A\u00e7\u0131klamas\u0131\/Bilgilendirme<br \/>\n\u2013 Yayl\u0131 \u00c7eneler<\/p>\n<p>\u2013 Somunlu Kablo Baglant\u0131s\u0131<\/p>\n<p>\u2013 Pozitif Topraklama<\/p>\n<p>\u2013 Y\u00fcksek Iletkenlik<\/p>\n<p>\u2013 Krom Kaplama<\/p>\n","protected":false},"excerpt":{"rendered":"<p>\u00dcr\u00fcn A\u00e7\u0131klamas\u0131\/Bilgilendirme \u2013 Yayl\u0131 \u00c7eneler \u2013 Somunlu Kablo Baglant\u0131s\u0131 \u2013 Pozitif Topraklama \u2013 Y\u00fcksek Iletkenlik \u2013 Krom Kaplama<\/p>\n","protected":false},"featured_media":10263,"comment_status":"open","ping_status":"closed","template":"","meta":[],"product_brand":[],"product_cat":[466,38],"product_tag":[],"class_list":{"0":"post-10262","1":"product","2":"type-product","3":"status-publish","4":"has-post-thumbnail","6":"product_cat-electrical-equipment","7":"product_cat-tools","10":"instock","11":"shipping-taxable","12":"purchasable","13":"product-type-simple"},"_links":{"self":[{"href":"https:\/\/newhometr.com\/store\/wp-json\/wp\/v2\/product\/10262","targetHints":{"allow":["GET"]}}],"collection":[{"href":"https:\/\/newhometr.com\/store\/wp-json\/wp\/v2\/product"}],"about":[{"href":"https:\/\/newhometr.com\/store\/wp-json\/wp\/v2\/types\/product"}],"replies":[{"embeddable":true,"href":"https:\/\/newhometr.com\/store\/wp-json\/wp\/v2\/comments?post=10262"}],"version-history":[{"count":1,"href":"https:\/\/newhometr.com\/store\/wp-json\/wp\/v2\/product\/10262\/revisions"}],"predecessor-version":[{"id":10264,"href":"https:\/\/newhometr.com\/store\/wp-json\/wp\/v2\/product\/10262\/revisions\/10264"}],"wp:featuredmedia":[{"embeddable":true,"href":"https:\/\/newhometr.com\/store\/wp-json\/wp\/v2\/media\/10263"}],"wp:attachment":[{"href":"https:\/\/newhometr.com\/store\/wp-json\/wp\/v2\/media?parent=10262"}],"wp:term":[{"taxonomy":"product_brand","embeddable":true,"href":"https:\/\/newhometr.com\/store\/wp-json\/wp\/v2\/product_brand?post=10262"},{"taxonomy":"product_cat","embeddable":true,"href":"https:\/\/newhometr.com\/store\/wp-json\/wp\/v2\/product_cat?post=10262"},{"taxonomy":"product_tag","embeddable":true,"href":"https:\/\/newhometr.com\/store\/wp-json\/wp\/v2\/product_tag?post=10262"}],"curies":[{"name":"wp","href":"https:\/\/api.w.org\/{rel}","templated":true}]}}