{"id":10254,"date":"2025-06-25T17:31:22","date_gmt":"2025-06-25T17:31:22","guid":{"rendered":"https:\/\/newhometr.com\/store\/?post_type=product&#038;p=10254"},"modified":"2025-06-28T13:20:00","modified_gmt":"2025-06-28T13:20:00","slug":"kupa-sunta-kesme-testeresi-185-mm-x-40t-x-3000-mm","status":"publish","type":"product","link":"https:\/\/newhometr.com\/store\/product\/kupa-sunta-kesme-testeresi-185-mm-x-40t-x-3000-mm\/","title":{"rendered":"KUPA SUNTA KESME TESTERES\u0130 185 mm x 40T x 30,00 mm"},"content":{"rendered":"<p>\u00dcr\u00fcn A\u00e7\u0131klamas\u0131\/Bilgilendirme<br \/>\n\u2013 Parke, sunta, kompozit kesmek i\u00e7in uygundur.<\/p>\n<p>\u2013 H\u0131zl\u0131 ve kolay kesim<\/p>\n<p>\u2013 Y\u00fcksek kalite \u00e7al\u0131\u015fma<\/p>\n<p>\u2013 Is\u0131nma ve a\u015f\u0131nmay\u0131 \u00f6nleyen delikler<\/p>\n<p>\u2013 G\u00f6zl\u00fcks\u00fcz ve eldivensiz kullanmay\u0131n\u0131z.<\/p>\n","protected":false},"excerpt":{"rendered":"<p>\u00dcr\u00fcn A\u00e7\u0131klamas\u0131\/Bilgilendirme \u2013 Parke, sunta, kompozit kesmek i\u00e7in uygundur. \u2013 H\u0131zl\u0131 ve kolay kesim \u2013 Y\u00fcksek kalite \u00e7al\u0131\u015fma \u2013 Is\u0131nma ve a\u015f\u0131nmay\u0131 \u00f6nleyen delikler \u2013 G\u00f6zl\u00fcks\u00fcz ve eldivensiz kullanmay\u0131n\u0131z.<\/p>\n","protected":false},"featured_media":10255,"comment_status":"open","ping_status":"closed","template":"","meta":[],"product_brand":[],"product_cat":[466,38],"product_tag":[],"class_list":{"0":"post-10254","1":"product","2":"type-product","3":"status-publish","4":"has-post-thumbnail","6":"product_cat-electrical-equipment","7":"product_cat-tools","10":"instock","11":"shipping-taxable","12":"purchasable","13":"product-type-simple"},"_links":{"self":[{"href":"https:\/\/newhometr.com\/store\/wp-json\/wp\/v2\/product\/10254","targetHints":{"allow":["GET"]}}],"collection":[{"href":"https:\/\/newhometr.com\/store\/wp-json\/wp\/v2\/product"}],"about":[{"href":"https:\/\/newhometr.com\/store\/wp-json\/wp\/v2\/types\/product"}],"replies":[{"embeddable":true,"href":"https:\/\/newhometr.com\/store\/wp-json\/wp\/v2\/comments?post=10254"}],"version-history":[{"count":1,"href":"https:\/\/newhometr.com\/store\/wp-json\/wp\/v2\/product\/10254\/revisions"}],"predecessor-version":[{"id":10256,"href":"https:\/\/newhometr.com\/store\/wp-json\/wp\/v2\/product\/10254\/revisions\/10256"}],"wp:featuredmedia":[{"embeddable":true,"href":"https:\/\/newhometr.com\/store\/wp-json\/wp\/v2\/media\/10255"}],"wp:attachment":[{"href":"https:\/\/newhometr.com\/store\/wp-json\/wp\/v2\/media?parent=10254"}],"wp:term":[{"taxonomy":"product_brand","embeddable":true,"href":"https:\/\/newhometr.com\/store\/wp-json\/wp\/v2\/product_brand?post=10254"},{"taxonomy":"product_cat","embeddable":true,"href":"https:\/\/newhometr.com\/store\/wp-json\/wp\/v2\/product_cat?post=10254"},{"taxonomy":"product_tag","embeddable":true,"href":"https:\/\/newhometr.com\/store\/wp-json\/wp\/v2\/product_tag?post=10254"}],"curies":[{"name":"wp","href":"https:\/\/api.w.org\/{rel}","templated":true}]}}