{"id":10251,"date":"2025-06-25T17:27:12","date_gmt":"2025-06-25T17:27:12","guid":{"rendered":"https:\/\/newhometr.com\/store\/?post_type=product&#038;p=10251"},"modified":"2025-06-28T13:17:53","modified_gmt":"2025-06-28T13:17:53","slug":"kupa-burgulu-canak-firca-65mm","status":"publish","type":"product","link":"https:\/\/newhometr.com\/store\/product\/kupa-burgulu-canak-firca-65mm\/","title":{"rendered":"KUPA BURGULU \u00c7ANAK FIR\u00c7A 65mm"},"content":{"rendered":"<p>\u00dcr\u00fcn A\u00e7\u0131klamas\u0131\/Bilgilendirme<br \/>\n\u2013 D\u0131\u015f ortama uygun sertle\u015ftirilmi\u015f g\u00f6vdeli asma kilit<\/p>\n<p>\u2013 \u00d6zel kimyasal korumal\u0131 boyal\u0131<\/p>\n<p>\u2013 3 adet anahtarl\u0131<\/p>\n<p>\u2013 Darbeye dayan\u0131kl\u0131 demir g\u00f6vde<\/p>\n","protected":false},"excerpt":{"rendered":"<p>\u00dcr\u00fcn A\u00e7\u0131klamas\u0131\/Bilgilendirme \u2013 D\u0131\u015f ortama uygun sertle\u015ftirilmi\u015f g\u00f6vdeli asma kilit \u2013 \u00d6zel kimyasal korumal\u0131 boyal\u0131 \u2013 3 adet anahtarl\u0131 \u2013 Darbeye dayan\u0131kl\u0131 demir g\u00f6vde<\/p>\n","protected":false},"featured_media":10252,"comment_status":"open","ping_status":"closed","template":"","meta":[],"product_brand":[],"product_cat":[38,175],"product_tag":[],"class_list":{"0":"post-10251","1":"product","2":"type-product","3":"status-publish","4":"has-post-thumbnail","6":"product_cat-tools","7":"product_cat-hand-tools","10":"instock","11":"shipping-taxable","12":"purchasable","13":"product-type-simple"},"_links":{"self":[{"href":"https:\/\/newhometr.com\/store\/wp-json\/wp\/v2\/product\/10251","targetHints":{"allow":["GET"]}}],"collection":[{"href":"https:\/\/newhometr.com\/store\/wp-json\/wp\/v2\/product"}],"about":[{"href":"https:\/\/newhometr.com\/store\/wp-json\/wp\/v2\/types\/product"}],"replies":[{"embeddable":true,"href":"https:\/\/newhometr.com\/store\/wp-json\/wp\/v2\/comments?post=10251"}],"version-history":[{"count":1,"href":"https:\/\/newhometr.com\/store\/wp-json\/wp\/v2\/product\/10251\/revisions"}],"predecessor-version":[{"id":10253,"href":"https:\/\/newhometr.com\/store\/wp-json\/wp\/v2\/product\/10251\/revisions\/10253"}],"wp:featuredmedia":[{"embeddable":true,"href":"https:\/\/newhometr.com\/store\/wp-json\/wp\/v2\/media\/10252"}],"wp:attachment":[{"href":"https:\/\/newhometr.com\/store\/wp-json\/wp\/v2\/media?parent=10251"}],"wp:term":[{"taxonomy":"product_brand","embeddable":true,"href":"https:\/\/newhometr.com\/store\/wp-json\/wp\/v2\/product_brand?post=10251"},{"taxonomy":"product_cat","embeddable":true,"href":"https:\/\/newhometr.com\/store\/wp-json\/wp\/v2\/product_cat?post=10251"},{"taxonomy":"product_tag","embeddable":true,"href":"https:\/\/newhometr.com\/store\/wp-json\/wp\/v2\/product_tag?post=10251"}],"curies":[{"name":"wp","href":"https:\/\/api.w.org\/{rel}","templated":true}]}}