{"id":10248,"date":"2025-06-25T17:23:47","date_gmt":"2025-06-25T17:23:47","guid":{"rendered":"https:\/\/newhometr.com\/store\/?post_type=product&#038;p=10248"},"modified":"2025-06-28T13:16:55","modified_gmt":"2025-06-28T13:16:55","slug":"kupa-boyali-cirpi-ipi-kirmizi","status":"publish","type":"product","link":"https:\/\/newhometr.com\/store\/product\/kupa-boyali-cirpi-ipi-kirmizi\/","title":{"rendered":"KUPA BOYALI \u00c7IRPI \u0130P\u0130 KIRMIZI"},"content":{"rendered":"<p>\u00dcr\u00fcn A\u00e7\u0131klamas\u0131\/Bilgilendirme<br \/>\n\u2013 30 metre uzunlu\u011funda \u00e7\u0131rp\u0131 ipi<br \/>\n\u2013 Renkli toz boya<br \/>\n\u2013 \u0130pe tak\u0131lan su terazisi<br \/>\n\u2013 Vakumlu Ambalaj<br \/>\n\u2013 K\u0131rm\u0131z\u0131<\/p>\n","protected":false},"excerpt":{"rendered":"<p>\u00dcr\u00fcn A\u00e7\u0131klamas\u0131\/Bilgilendirme \u2013 30 metre uzunlu\u011funda \u00e7\u0131rp\u0131 ipi \u2013 Renkli toz boya \u2013 \u0130pe tak\u0131lan su terazisi \u2013 Vakumlu Ambalaj \u2013 K\u0131rm\u0131z\u0131<\/p>\n","protected":false},"featured_media":10249,"comment_status":"open","ping_status":"closed","template":"","meta":[],"product_brand":[],"product_cat":[38,175],"product_tag":[],"class_list":{"0":"post-10248","1":"product","2":"type-product","3":"status-publish","4":"has-post-thumbnail","6":"product_cat-tools","7":"product_cat-hand-tools","10":"instock","11":"shipping-taxable","12":"purchasable","13":"product-type-simple"},"_links":{"self":[{"href":"https:\/\/newhometr.com\/store\/wp-json\/wp\/v2\/product\/10248","targetHints":{"allow":["GET"]}}],"collection":[{"href":"https:\/\/newhometr.com\/store\/wp-json\/wp\/v2\/product"}],"about":[{"href":"https:\/\/newhometr.com\/store\/wp-json\/wp\/v2\/types\/product"}],"replies":[{"embeddable":true,"href":"https:\/\/newhometr.com\/store\/wp-json\/wp\/v2\/comments?post=10248"}],"version-history":[{"count":1,"href":"https:\/\/newhometr.com\/store\/wp-json\/wp\/v2\/product\/10248\/revisions"}],"predecessor-version":[{"id":10250,"href":"https:\/\/newhometr.com\/store\/wp-json\/wp\/v2\/product\/10248\/revisions\/10250"}],"wp:featuredmedia":[{"embeddable":true,"href":"https:\/\/newhometr.com\/store\/wp-json\/wp\/v2\/media\/10249"}],"wp:attachment":[{"href":"https:\/\/newhometr.com\/store\/wp-json\/wp\/v2\/media?parent=10248"}],"wp:term":[{"taxonomy":"product_brand","embeddable":true,"href":"https:\/\/newhometr.com\/store\/wp-json\/wp\/v2\/product_brand?post=10248"},{"taxonomy":"product_cat","embeddable":true,"href":"https:\/\/newhometr.com\/store\/wp-json\/wp\/v2\/product_cat?post=10248"},{"taxonomy":"product_tag","embeddable":true,"href":"https:\/\/newhometr.com\/store\/wp-json\/wp\/v2\/product_tag?post=10248"}],"curies":[{"name":"wp","href":"https:\/\/api.w.org\/{rel}","templated":true}]}}