{"id":10245,"date":"2025-06-25T17:16:34","date_gmt":"2025-06-25T17:16:34","guid":{"rendered":"https:\/\/newhometr.com\/store\/?post_type=product&#038;p=10245"},"modified":"2025-06-28T13:08:41","modified_gmt":"2025-06-28T13:08:41","slug":"b-h-d-bhd-00369-2-ton-sise-hidrolik-kriko-150-285mm-10","status":"publish","type":"product","link":"https:\/\/newhometr.com\/store\/product\/b-h-d-bhd-00369-2-ton-sise-hidrolik-kriko-150-285mm-10\/","title":{"rendered":"B.H.D BHD-00369 ( 2 TON &amp; \u015e\u0130\u015eE ) H\u0130DROL\u0130K KR\u0130KO ( 150-285MM )*10"},"content":{"rendered":"","protected":false},"excerpt":{"rendered":"","protected":false},"featured_media":10246,"comment_status":"open","ping_status":"closed","template":"","meta":[],"product_brand":[443],"product_cat":[38,175],"product_tag":[],"class_list":{"0":"post-10245","1":"product","2":"type-product","3":"status-publish","4":"has-post-thumbnail","6":"product_brand-b-h-d-el-aletleri-bhd","7":"product_cat-tools","8":"product_cat-hand-tools","11":"instock","12":"shipping-taxable","13":"purchasable","14":"product-type-simple"},"_links":{"self":[{"href":"https:\/\/newhometr.com\/store\/wp-json\/wp\/v2\/product\/10245","targetHints":{"allow":["GET"]}}],"collection":[{"href":"https:\/\/newhometr.com\/store\/wp-json\/wp\/v2\/product"}],"about":[{"href":"https:\/\/newhometr.com\/store\/wp-json\/wp\/v2\/types\/product"}],"replies":[{"embeddable":true,"href":"https:\/\/newhometr.com\/store\/wp-json\/wp\/v2\/comments?post=10245"}],"version-history":[{"count":1,"href":"https:\/\/newhometr.com\/store\/wp-json\/wp\/v2\/product\/10245\/revisions"}],"predecessor-version":[{"id":10247,"href":"https:\/\/newhometr.com\/store\/wp-json\/wp\/v2\/product\/10245\/revisions\/10247"}],"wp:featuredmedia":[{"embeddable":true,"href":"https:\/\/newhometr.com\/store\/wp-json\/wp\/v2\/media\/10246"}],"wp:attachment":[{"href":"https:\/\/newhometr.com\/store\/wp-json\/wp\/v2\/media?parent=10245"}],"wp:term":[{"taxonomy":"product_brand","embeddable":true,"href":"https:\/\/newhometr.com\/store\/wp-json\/wp\/v2\/product_brand?post=10245"},{"taxonomy":"product_cat","embeddable":true,"href":"https:\/\/newhometr.com\/store\/wp-json\/wp\/v2\/product_cat?post=10245"},{"taxonomy":"product_tag","embeddable":true,"href":"https:\/\/newhometr.com\/store\/wp-json\/wp\/v2\/product_tag?post=10245"}],"curies":[{"name":"wp","href":"https:\/\/api.w.org\/{rel}","templated":true}]}}