{"id":10240,"date":"2025-06-25T17:08:52","date_gmt":"2025-06-25T17:08:52","guid":{"rendered":"https:\/\/newhometr.com\/store\/?post_type=product&#038;p=10240"},"modified":"2025-06-28T12:46:36","modified_gmt":"2025-06-28T12:46:36","slug":"philips-lithium-cr-2016-para-pili-3v-5li-kart-240","status":"publish","type":"product","link":"https:\/\/newhometr.com\/store\/product\/philips-lithium-cr-2016-para-pili-3v-5li-kart-240\/","title":{"rendered":"PHILIPS L\u0130TH\u0130UM CR-2016 PARA P\u0130L\u0130 ( 3V ) ( 5L\u0130 KART )*240"},"content":{"rendered":"","protected":false},"excerpt":{"rendered":"","protected":false},"featured_media":10241,"comment_status":"open","ping_status":"closed","template":"","meta":[],"product_brand":[435],"product_cat":[462,43],"product_tag":[],"class_list":{"0":"post-10240","1":"product","2":"type-product","3":"status-publish","4":"has-post-thumbnail","6":"product_brand-philips","7":"product_cat-accessories-and-tools","8":"product_cat-electrical","11":"instock","12":"shipping-taxable","13":"purchasable","14":"product-type-simple"},"_links":{"self":[{"href":"https:\/\/newhometr.com\/store\/wp-json\/wp\/v2\/product\/10240","targetHints":{"allow":["GET"]}}],"collection":[{"href":"https:\/\/newhometr.com\/store\/wp-json\/wp\/v2\/product"}],"about":[{"href":"https:\/\/newhometr.com\/store\/wp-json\/wp\/v2\/types\/product"}],"replies":[{"embeddable":true,"href":"https:\/\/newhometr.com\/store\/wp-json\/wp\/v2\/comments?post=10240"}],"version-history":[{"count":2,"href":"https:\/\/newhometr.com\/store\/wp-json\/wp\/v2\/product\/10240\/revisions"}],"predecessor-version":[{"id":10243,"href":"https:\/\/newhometr.com\/store\/wp-json\/wp\/v2\/product\/10240\/revisions\/10243"}],"wp:featuredmedia":[{"embeddable":true,"href":"https:\/\/newhometr.com\/store\/wp-json\/wp\/v2\/media\/10241"}],"wp:attachment":[{"href":"https:\/\/newhometr.com\/store\/wp-json\/wp\/v2\/media?parent=10240"}],"wp:term":[{"taxonomy":"product_brand","embeddable":true,"href":"https:\/\/newhometr.com\/store\/wp-json\/wp\/v2\/product_brand?post=10240"},{"taxonomy":"product_cat","embeddable":true,"href":"https:\/\/newhometr.com\/store\/wp-json\/wp\/v2\/product_cat?post=10240"},{"taxonomy":"product_tag","embeddable":true,"href":"https:\/\/newhometr.com\/store\/wp-json\/wp\/v2\/product_tag?post=10240"}],"curies":[{"name":"wp","href":"https:\/\/api.w.org\/{rel}","templated":true}]}}