{"id":10234,"date":"2025-06-25T17:01:01","date_gmt":"2025-06-25T17:01:01","guid":{"rendered":"https:\/\/newhometr.com\/store\/?post_type=product&#038;p=10234"},"modified":"2025-06-28T13:03:40","modified_gmt":"2025-06-28T13:03:40","slug":"akel-sifon-adaptoru-conta-gri-100x5","status":"publish","type":"product","link":"https:\/\/newhometr.com\/store\/product\/akel-sifon-adaptoru-conta-gri-100x5\/","title":{"rendered":"AKEL S\u0130FON ADAPT\u00d6R\u00dc CONTA GR\u0130 *100X5"},"content":{"rendered":"","protected":false},"excerpt":{"rendered":"","protected":false},"featured_media":10235,"comment_status":"open","ping_status":"closed","template":"","meta":[],"product_brand":[441],"product_cat":[464,53],"product_tag":[],"class_list":{"0":"post-10234","1":"product","2":"type-product","3":"status-publish","4":"has-post-thumbnail","6":"product_brand-akel-pls","7":"product_cat-plumbing-accessories","8":"product_cat-plumbing","11":"instock","12":"shipping-taxable","13":"purchasable","14":"product-type-simple"},"_links":{"self":[{"href":"https:\/\/newhometr.com\/store\/wp-json\/wp\/v2\/product\/10234","targetHints":{"allow":["GET"]}}],"collection":[{"href":"https:\/\/newhometr.com\/store\/wp-json\/wp\/v2\/product"}],"about":[{"href":"https:\/\/newhometr.com\/store\/wp-json\/wp\/v2\/types\/product"}],"replies":[{"embeddable":true,"href":"https:\/\/newhometr.com\/store\/wp-json\/wp\/v2\/comments?post=10234"}],"version-history":[{"count":1,"href":"https:\/\/newhometr.com\/store\/wp-json\/wp\/v2\/product\/10234\/revisions"}],"predecessor-version":[{"id":10236,"href":"https:\/\/newhometr.com\/store\/wp-json\/wp\/v2\/product\/10234\/revisions\/10236"}],"wp:featuredmedia":[{"embeddable":true,"href":"https:\/\/newhometr.com\/store\/wp-json\/wp\/v2\/media\/10235"}],"wp:attachment":[{"href":"https:\/\/newhometr.com\/store\/wp-json\/wp\/v2\/media?parent=10234"}],"wp:term":[{"taxonomy":"product_brand","embeddable":true,"href":"https:\/\/newhometr.com\/store\/wp-json\/wp\/v2\/product_brand?post=10234"},{"taxonomy":"product_cat","embeddable":true,"href":"https:\/\/newhometr.com\/store\/wp-json\/wp\/v2\/product_cat?post=10234"},{"taxonomy":"product_tag","embeddable":true,"href":"https:\/\/newhometr.com\/store\/wp-json\/wp\/v2\/product_tag?post=10234"}],"curies":[{"name":"wp","href":"https:\/\/api.w.org\/{rel}","templated":true}]}}