{"id":10230,"date":"2025-06-25T16:56:52","date_gmt":"2025-06-25T16:56:52","guid":{"rendered":"https:\/\/newhometr.com\/store\/?post_type=product&#038;p=10230"},"modified":"2025-06-28T12:56:36","modified_gmt":"2025-06-28T12:56:36","slug":"stok-kodu-13-2865-alc-53pcs-1-4-dr-socket-set-lokma-soket-6gen-anahtar-bit-adaptor-circir-kolu-plastik-cantali18","status":"publish","type":"product","link":"https:\/\/newhometr.com\/store\/product\/stok-kodu-13-2865-alc-53pcs-1-4-dr-socket-set-lokma-soket-6gen-anahtar-bit-adaptor-circir-kolu-plastik-cantali18\/","title":{"rendered":"Stok Kodu: 13-2865 ALC (53PCS) (1\/4&#8243;) DR. SOCKET SET (LOKMA &amp; SOKET &amp; 6GEN ANAHTAR &amp; B\u0130T ADAPT\u00d6R &amp; CIRCIR KOLU) (PLAST\u0130K \u00c7ANTALI)*18"},"content":{"rendered":"<p>A\u00e7\u0131klama<br \/>\nBIT SOKET<\/p>\n<p>DER\u0130N SOKET<\/p>\n<p>DR. EVRENSEL EKLEM<\/p>\n<p>DR.SPINNER SAPI<\/p>\n<p>DR.UZATMA \u00c7UBUKLARI<\/p>\n<p>DR.ESNEK UZATMA<\/p>\n","protected":false},"excerpt":{"rendered":"<p>A\u00e7\u0131klama BIT SOKET DER\u0130N SOKET DR. EVRENSEL EKLEM DR.SPINNER SAPI DR.UZATMA \u00c7UBUKLARI DR.ESNEK UZATMA<\/p>\n","protected":false},"featured_media":10231,"comment_status":"open","ping_status":"closed","template":"","meta":[],"product_brand":[440],"product_cat":[38,175],"product_tag":[],"class_list":{"0":"post-10230","1":"product","2":"type-product","3":"status-publish","4":"has-post-thumbnail","6":"product_brand-alc","7":"product_cat-tools","8":"product_cat-hand-tools","11":"instock","12":"shipping-taxable","13":"purchasable","14":"product-type-simple"},"_links":{"self":[{"href":"https:\/\/newhometr.com\/store\/wp-json\/wp\/v2\/product\/10230","targetHints":{"allow":["GET"]}}],"collection":[{"href":"https:\/\/newhometr.com\/store\/wp-json\/wp\/v2\/product"}],"about":[{"href":"https:\/\/newhometr.com\/store\/wp-json\/wp\/v2\/types\/product"}],"replies":[{"embeddable":true,"href":"https:\/\/newhometr.com\/store\/wp-json\/wp\/v2\/comments?post=10230"}],"version-history":[{"count":2,"href":"https:\/\/newhometr.com\/store\/wp-json\/wp\/v2\/product\/10230\/revisions"}],"predecessor-version":[{"id":10233,"href":"https:\/\/newhometr.com\/store\/wp-json\/wp\/v2\/product\/10230\/revisions\/10233"}],"wp:featuredmedia":[{"embeddable":true,"href":"https:\/\/newhometr.com\/store\/wp-json\/wp\/v2\/media\/10231"}],"wp:attachment":[{"href":"https:\/\/newhometr.com\/store\/wp-json\/wp\/v2\/media?parent=10230"}],"wp:term":[{"taxonomy":"product_brand","embeddable":true,"href":"https:\/\/newhometr.com\/store\/wp-json\/wp\/v2\/product_brand?post=10230"},{"taxonomy":"product_cat","embeddable":true,"href":"https:\/\/newhometr.com\/store\/wp-json\/wp\/v2\/product_cat?post=10230"},{"taxonomy":"product_tag","embeddable":true,"href":"https:\/\/newhometr.com\/store\/wp-json\/wp\/v2\/product_tag?post=10230"}],"curies":[{"name":"wp","href":"https:\/\/api.w.org\/{rel}","templated":true}]}}