{"id":10223,"date":"2025-06-25T16:45:25","date_gmt":"2025-06-25T16:45:25","guid":{"rendered":"https:\/\/newhometr.com\/store\/?post_type=product&#038;p=10223"},"modified":"2025-06-28T12:55:11","modified_gmt":"2025-06-28T12:55:11","slug":"winnboss-wn-1212-2-pil-5mt-gunisik-peri-led-dekor-lamba10x100","status":"publish","type":"product","link":"https:\/\/newhometr.com\/store\/product\/winnboss-wn-1212-2-pil-5mt-gunisik-peri-led-dekor-lamba10x100\/","title":{"rendered":"WINNBOSS WN-1212 ( 2 P\u0130L ) ( 5MT ) ( G\u00dcNI\u015eIK ) PER\u0130 LED DEKOR LAMBA*10X100"},"content":{"rendered":"","protected":false},"excerpt":{"rendered":"","protected":false},"featured_media":10224,"comment_status":"open","ping_status":"closed","template":"","meta":[],"product_brand":[439],"product_cat":[460,43],"product_tag":[],"class_list":{"0":"post-10223","1":"product","2":"type-product","3":"status-publish","4":"has-post-thumbnail","6":"product_brand-winnboss","7":"product_cat-lighting","8":"product_cat-electrical","11":"instock","12":"shipping-taxable","13":"purchasable","14":"product-type-simple"},"_links":{"self":[{"href":"https:\/\/newhometr.com\/store\/wp-json\/wp\/v2\/product\/10223","targetHints":{"allow":["GET"]}}],"collection":[{"href":"https:\/\/newhometr.com\/store\/wp-json\/wp\/v2\/product"}],"about":[{"href":"https:\/\/newhometr.com\/store\/wp-json\/wp\/v2\/types\/product"}],"replies":[{"embeddable":true,"href":"https:\/\/newhometr.com\/store\/wp-json\/wp\/v2\/comments?post=10223"}],"version-history":[{"count":1,"href":"https:\/\/newhometr.com\/store\/wp-json\/wp\/v2\/product\/10223\/revisions"}],"predecessor-version":[{"id":10225,"href":"https:\/\/newhometr.com\/store\/wp-json\/wp\/v2\/product\/10223\/revisions\/10225"}],"wp:featuredmedia":[{"embeddable":true,"href":"https:\/\/newhometr.com\/store\/wp-json\/wp\/v2\/media\/10224"}],"wp:attachment":[{"href":"https:\/\/newhometr.com\/store\/wp-json\/wp\/v2\/media?parent=10223"}],"wp:term":[{"taxonomy":"product_brand","embeddable":true,"href":"https:\/\/newhometr.com\/store\/wp-json\/wp\/v2\/product_brand?post=10223"},{"taxonomy":"product_cat","embeddable":true,"href":"https:\/\/newhometr.com\/store\/wp-json\/wp\/v2\/product_cat?post=10223"},{"taxonomy":"product_tag","embeddable":true,"href":"https:\/\/newhometr.com\/store\/wp-json\/wp\/v2\/product_tag?post=10223"}],"curies":[{"name":"wp","href":"https:\/\/api.w.org\/{rel}","templated":true}]}}