{"id":10206,"date":"2025-06-25T15:37:31","date_gmt":"2025-06-25T15:37:31","guid":{"rendered":"https:\/\/newhometr.com\/store\/?post_type=product&#038;p=10206"},"modified":"2025-06-28T12:44:42","modified_gmt":"2025-06-28T12:44:42","slug":"nurgaz-ng-410-buyuk-kamp-lamba-lokus-tup-uzeri-aygaz-dar-musluk-500w32","status":"publish","type":"product","link":"https:\/\/newhometr.com\/store\/product\/nurgaz-ng-410-buyuk-kamp-lamba-lokus-tup-uzeri-aygaz-dar-musluk-500w32\/","title":{"rendered":"NURGAZ NG-410 ( B\u00dcY\u00dcK ) KAMP LAMBA ( L\u00d6K\u00dcS ) T\u00dcP \u00dcZER\u0130 ( AYGAZ DAR MUSLUK ) 500W*32"},"content":{"rendered":"","protected":false},"excerpt":{"rendered":"","protected":false},"featured_media":10207,"comment_status":"open","ping_status":"closed","template":"","meta":[],"product_brand":[434],"product_cat":[460,43],"product_tag":[],"class_list":{"0":"post-10206","1":"product","2":"type-product","3":"status-publish","4":"has-post-thumbnail","6":"product_brand-nurgaz","7":"product_cat-lighting","8":"product_cat-electrical","11":"instock","12":"shipping-taxable","13":"purchasable","14":"product-type-simple"},"_links":{"self":[{"href":"https:\/\/newhometr.com\/store\/wp-json\/wp\/v2\/product\/10206","targetHints":{"allow":["GET"]}}],"collection":[{"href":"https:\/\/newhometr.com\/store\/wp-json\/wp\/v2\/product"}],"about":[{"href":"https:\/\/newhometr.com\/store\/wp-json\/wp\/v2\/types\/product"}],"replies":[{"embeddable":true,"href":"https:\/\/newhometr.com\/store\/wp-json\/wp\/v2\/comments?post=10206"}],"version-history":[{"count":1,"href":"https:\/\/newhometr.com\/store\/wp-json\/wp\/v2\/product\/10206\/revisions"}],"predecessor-version":[{"id":10208,"href":"https:\/\/newhometr.com\/store\/wp-json\/wp\/v2\/product\/10206\/revisions\/10208"}],"wp:featuredmedia":[{"embeddable":true,"href":"https:\/\/newhometr.com\/store\/wp-json\/wp\/v2\/media\/10207"}],"wp:attachment":[{"href":"https:\/\/newhometr.com\/store\/wp-json\/wp\/v2\/media?parent=10206"}],"wp:term":[{"taxonomy":"product_brand","embeddable":true,"href":"https:\/\/newhometr.com\/store\/wp-json\/wp\/v2\/product_brand?post=10206"},{"taxonomy":"product_cat","embeddable":true,"href":"https:\/\/newhometr.com\/store\/wp-json\/wp\/v2\/product_cat?post=10206"},{"taxonomy":"product_tag","embeddable":true,"href":"https:\/\/newhometr.com\/store\/wp-json\/wp\/v2\/product_tag?post=10206"}],"curies":[{"name":"wp","href":"https:\/\/api.w.org\/{rel}","templated":true}]}}