{"id":10197,"date":"2025-06-25T15:28:35","date_gmt":"2025-06-25T15:28:35","guid":{"rendered":"https:\/\/newhometr.com\/store\/?post_type=product&#038;p=10197"},"modified":"2025-06-28T12:39:01","modified_gmt":"2025-06-28T12:39:01","slug":"barotti-dmr-8800-dik-oval-3-renk-dokunmatik-dekoratif-masa-lambasi-usb-sarjli-mika-kristal-gold-pls12x26cm40","status":"publish","type":"product","link":"https:\/\/newhometr.com\/store\/product\/barotti-dmr-8800-dik-oval-3-renk-dokunmatik-dekoratif-masa-lambasi-usb-sarjli-mika-kristal-gold-pls12x26cm40\/","title":{"rendered":"BAROTT\u0130 DMR-8800 (D\u0130K OVAL) (3 RENK) (DOKUNMAT\u0130K) DEKORAT\u0130F MASA LAMBASI (USB \u015eARJLI) (M\u0130KA KR\u0130STAL &amp; GOLD PLS)(12X26CM)*40"},"content":{"rendered":"","protected":false},"excerpt":{"rendered":"","protected":false},"featured_media":10198,"comment_status":"open","ping_status":"closed","template":"","meta":[],"product_brand":[431],"product_cat":[460,43],"product_tag":[],"class_list":{"0":"post-10197","1":"product","2":"type-product","3":"status-publish","4":"has-post-thumbnail","6":"product_brand-barotti","7":"product_cat-lighting","8":"product_cat-electrical","11":"instock","12":"shipping-taxable","13":"purchasable","14":"product-type-simple"},"_links":{"self":[{"href":"https:\/\/newhometr.com\/store\/wp-json\/wp\/v2\/product\/10197","targetHints":{"allow":["GET"]}}],"collection":[{"href":"https:\/\/newhometr.com\/store\/wp-json\/wp\/v2\/product"}],"about":[{"href":"https:\/\/newhometr.com\/store\/wp-json\/wp\/v2\/types\/product"}],"replies":[{"embeddable":true,"href":"https:\/\/newhometr.com\/store\/wp-json\/wp\/v2\/comments?post=10197"}],"version-history":[{"count":1,"href":"https:\/\/newhometr.com\/store\/wp-json\/wp\/v2\/product\/10197\/revisions"}],"predecessor-version":[{"id":10199,"href":"https:\/\/newhometr.com\/store\/wp-json\/wp\/v2\/product\/10197\/revisions\/10199"}],"wp:featuredmedia":[{"embeddable":true,"href":"https:\/\/newhometr.com\/store\/wp-json\/wp\/v2\/media\/10198"}],"wp:attachment":[{"href":"https:\/\/newhometr.com\/store\/wp-json\/wp\/v2\/media?parent=10197"}],"wp:term":[{"taxonomy":"product_brand","embeddable":true,"href":"https:\/\/newhometr.com\/store\/wp-json\/wp\/v2\/product_brand?post=10197"},{"taxonomy":"product_cat","embeddable":true,"href":"https:\/\/newhometr.com\/store\/wp-json\/wp\/v2\/product_cat?post=10197"},{"taxonomy":"product_tag","embeddable":true,"href":"https:\/\/newhometr.com\/store\/wp-json\/wp\/v2\/product_tag?post=10197"}],"curies":[{"name":"wp","href":"https:\/\/api.w.org\/{rel}","templated":true}]}}