{"id":10194,"date":"2025-06-25T15:23:20","date_gmt":"2025-06-25T15:23:20","guid":{"rendered":"https:\/\/newhometr.com\/store\/?post_type=product&#038;p=10194"},"modified":"2025-06-28T12:32:32","modified_gmt":"2025-06-28T12:32:32","slug":"duracell-ince-pil-alkalin-20pcs-1x12","status":"publish","type":"product","link":"https:\/\/newhometr.com\/store\/product\/duracell-ince-pil-alkalin-20pcs-1x12\/","title":{"rendered":"DURACELL \u0130NCE P\u0130L ALKAL\u0130N ( 20PCS )*1X12"},"content":{"rendered":"","protected":false},"excerpt":{"rendered":"","protected":false},"featured_media":10195,"comment_status":"open","ping_status":"closed","template":"","meta":[],"product_brand":[430],"product_cat":[462,43],"product_tag":[],"class_list":{"0":"post-10194","1":"product","2":"type-product","3":"status-publish","4":"has-post-thumbnail","6":"product_brand-duracell","7":"product_cat-accessories-and-tools","8":"product_cat-electrical","11":"instock","12":"shipping-taxable","13":"purchasable","14":"product-type-simple"},"_links":{"self":[{"href":"https:\/\/newhometr.com\/store\/wp-json\/wp\/v2\/product\/10194","targetHints":{"allow":["GET"]}}],"collection":[{"href":"https:\/\/newhometr.com\/store\/wp-json\/wp\/v2\/product"}],"about":[{"href":"https:\/\/newhometr.com\/store\/wp-json\/wp\/v2\/types\/product"}],"replies":[{"embeddable":true,"href":"https:\/\/newhometr.com\/store\/wp-json\/wp\/v2\/comments?post=10194"}],"version-history":[{"count":1,"href":"https:\/\/newhometr.com\/store\/wp-json\/wp\/v2\/product\/10194\/revisions"}],"predecessor-version":[{"id":10196,"href":"https:\/\/newhometr.com\/store\/wp-json\/wp\/v2\/product\/10194\/revisions\/10196"}],"wp:featuredmedia":[{"embeddable":true,"href":"https:\/\/newhometr.com\/store\/wp-json\/wp\/v2\/media\/10195"}],"wp:attachment":[{"href":"https:\/\/newhometr.com\/store\/wp-json\/wp\/v2\/media?parent=10194"}],"wp:term":[{"taxonomy":"product_brand","embeddable":true,"href":"https:\/\/newhometr.com\/store\/wp-json\/wp\/v2\/product_brand?post=10194"},{"taxonomy":"product_cat","embeddable":true,"href":"https:\/\/newhometr.com\/store\/wp-json\/wp\/v2\/product_cat?post=10194"},{"taxonomy":"product_tag","embeddable":true,"href":"https:\/\/newhometr.com\/store\/wp-json\/wp\/v2\/product_tag?post=10194"}],"curies":[{"name":"wp","href":"https:\/\/api.w.org\/{rel}","templated":true}]}}