{"id":10191,"date":"2025-06-25T15:16:47","date_gmt":"2025-06-25T15:16:47","guid":{"rendered":"https:\/\/newhometr.com\/store\/?post_type=product&#038;p=10191"},"modified":"2025-06-28T13:15:19","modified_gmt":"2025-06-28T13:15:19","slug":"kupa-aluminyum-miknatisli-su-terazisi-60cm","status":"publish","type":"product","link":"https:\/\/newhometr.com\/store\/product\/kupa-aluminyum-miknatisli-su-terazisi-60cm\/","title":{"rendered":"KUPA AL\u00dcM\u0130NYUM MIKNATISLI SU TERAZ\u0130S\u0130 60cm"},"content":{"rendered":"<p>\u00dcr\u00fcn A\u00e7\u0131klamas\u0131\/Bilgilendirme<br \/>\n\u2013 Y\u00fcksek hassasiyet<br \/>\n\u2013 Darbelere kar\u015f\u0131 dayan\u0131kl\u0131 al\u00fcminyum g\u00f6vde<br \/>\n\u2013 Darbe emici kapakla<\/p>\n","protected":false},"excerpt":{"rendered":"<p>\u00dcr\u00fcn A\u00e7\u0131klamas\u0131\/Bilgilendirme \u2013 Y\u00fcksek hassasiyet \u2013 Darbelere kar\u015f\u0131 dayan\u0131kl\u0131 al\u00fcminyum g\u00f6vde \u2013 Darbe emici kapakla<\/p>\n","protected":false},"featured_media":10192,"comment_status":"open","ping_status":"closed","template":"","meta":[],"product_brand":[],"product_cat":[38,175],"product_tag":[],"class_list":{"0":"post-10191","1":"product","2":"type-product","3":"status-publish","4":"has-post-thumbnail","6":"product_cat-tools","7":"product_cat-hand-tools","10":"instock","11":"shipping-taxable","12":"purchasable","13":"product-type-simple"},"_links":{"self":[{"href":"https:\/\/newhometr.com\/store\/wp-json\/wp\/v2\/product\/10191","targetHints":{"allow":["GET"]}}],"collection":[{"href":"https:\/\/newhometr.com\/store\/wp-json\/wp\/v2\/product"}],"about":[{"href":"https:\/\/newhometr.com\/store\/wp-json\/wp\/v2\/types\/product"}],"replies":[{"embeddable":true,"href":"https:\/\/newhometr.com\/store\/wp-json\/wp\/v2\/comments?post=10191"}],"version-history":[{"count":1,"href":"https:\/\/newhometr.com\/store\/wp-json\/wp\/v2\/product\/10191\/revisions"}],"predecessor-version":[{"id":10193,"href":"https:\/\/newhometr.com\/store\/wp-json\/wp\/v2\/product\/10191\/revisions\/10193"}],"wp:featuredmedia":[{"embeddable":true,"href":"https:\/\/newhometr.com\/store\/wp-json\/wp\/v2\/media\/10192"}],"wp:attachment":[{"href":"https:\/\/newhometr.com\/store\/wp-json\/wp\/v2\/media?parent=10191"}],"wp:term":[{"taxonomy":"product_brand","embeddable":true,"href":"https:\/\/newhometr.com\/store\/wp-json\/wp\/v2\/product_brand?post=10191"},{"taxonomy":"product_cat","embeddable":true,"href":"https:\/\/newhometr.com\/store\/wp-json\/wp\/v2\/product_cat?post=10191"},{"taxonomy":"product_tag","embeddable":true,"href":"https:\/\/newhometr.com\/store\/wp-json\/wp\/v2\/product_tag?post=10191"}],"curies":[{"name":"wp","href":"https:\/\/api.w.org\/{rel}","templated":true}]}}