{"id":10187,"date":"2025-06-25T09:51:13","date_gmt":"2025-06-25T09:51:13","guid":{"rendered":"https:\/\/newhometr.com\/store\/?post_type=product&#038;p=10187"},"modified":"2025-06-28T13:13:09","modified_gmt":"2025-06-28T13:13:09","slug":"kupa-class-kalem-havya-60w","status":"publish","type":"product","link":"https:\/\/newhometr.com\/store\/product\/kupa-class-kalem-havya-60w\/","title":{"rendered":"KUPA CLASS KALEM HAVYA 60w"},"content":{"rendered":"<p>\u00dcr\u00fcn A\u00e7\u0131klamas\u0131\/Bilgilendirme<br \/>\n\u2013 Kalem havya y\u00fcksek kaliteye sahip, uzun \u00f6m\u00fcrl\u00fc ve verimli bir kalem havyad\u0131r.<\/p>\n<p>\u2013 E\u011fitim ve Hobi uygulamalar\u0131, k\u00fc\u00e7\u00fck elektrikli aksam, elektrikli ev aletleri, vs tamiri i\u00e7in idealdir.<\/p>\n","protected":false},"excerpt":{"rendered":"<p>\u00dcr\u00fcn A\u00e7\u0131klamas\u0131\/Bilgilendirme \u2013 Kalem havya y\u00fcksek kaliteye sahip, uzun \u00f6m\u00fcrl\u00fc ve verimli bir kalem havyad\u0131r. \u2013 E\u011fitim ve Hobi uygulamalar\u0131, k\u00fc\u00e7\u00fck elektrikli aksam, elektrikli ev aletleri, vs tamiri i\u00e7in idealdir.<\/p>\n","protected":false},"featured_media":10188,"comment_status":"open","ping_status":"closed","template":"","meta":[],"product_brand":[],"product_cat":[38,175,43],"product_tag":[],"class_list":{"0":"post-10187","1":"product","2":"type-product","3":"status-publish","4":"has-post-thumbnail","6":"product_cat-tools","7":"product_cat-hand-tools","8":"product_cat-electrical","11":"instock","12":"shipping-taxable","13":"purchasable","14":"product-type-simple"},"_links":{"self":[{"href":"https:\/\/newhometr.com\/store\/wp-json\/wp\/v2\/product\/10187","targetHints":{"allow":["GET"]}}],"collection":[{"href":"https:\/\/newhometr.com\/store\/wp-json\/wp\/v2\/product"}],"about":[{"href":"https:\/\/newhometr.com\/store\/wp-json\/wp\/v2\/types\/product"}],"replies":[{"embeddable":true,"href":"https:\/\/newhometr.com\/store\/wp-json\/wp\/v2\/comments?post=10187"}],"version-history":[{"count":1,"href":"https:\/\/newhometr.com\/store\/wp-json\/wp\/v2\/product\/10187\/revisions"}],"predecessor-version":[{"id":10189,"href":"https:\/\/newhometr.com\/store\/wp-json\/wp\/v2\/product\/10187\/revisions\/10189"}],"wp:featuredmedia":[{"embeddable":true,"href":"https:\/\/newhometr.com\/store\/wp-json\/wp\/v2\/media\/10188"}],"wp:attachment":[{"href":"https:\/\/newhometr.com\/store\/wp-json\/wp\/v2\/media?parent=10187"}],"wp:term":[{"taxonomy":"product_brand","embeddable":true,"href":"https:\/\/newhometr.com\/store\/wp-json\/wp\/v2\/product_brand?post=10187"},{"taxonomy":"product_cat","embeddable":true,"href":"https:\/\/newhometr.com\/store\/wp-json\/wp\/v2\/product_cat?post=10187"},{"taxonomy":"product_tag","embeddable":true,"href":"https:\/\/newhometr.com\/store\/wp-json\/wp\/v2\/product_tag?post=10187"}],"curies":[{"name":"wp","href":"https:\/\/api.w.org\/{rel}","templated":true}]}}