{"id":10180,"date":"2025-06-24T17:31:48","date_gmt":"2025-06-24T17:31:48","guid":{"rendered":"https:\/\/newhometr.com\/store\/?post_type=product&#038;p=10180"},"modified":"2025-06-28T12:14:16","modified_gmt":"2025-06-28T12:14:16","slug":"izeltas-kombine-pense-opak-seri-180-mm-3020122180","status":"publish","type":"product","link":"https:\/\/newhometr.com\/store\/product\/izeltas-kombine-pense-opak-seri-180-mm-3020122180\/","title":{"rendered":"\u0130zelta\u015f Kombine Pense Opak Seri 180 mm 3020122180"},"content":{"rendered":"<p>\u00dcr\u00fcn \u00d6zellikleri<\/p>\n<ul>\n<li>180 mm<\/li>\n<\/ul>\n","protected":false},"excerpt":{"rendered":"<p>\u00dcr\u00fcn \u00d6zellikleri 180 mm<\/p>\n","protected":false},"featured_media":10181,"comment_status":"open","ping_status":"closed","template":"","meta":[],"product_brand":[429],"product_cat":[38,175,43],"product_tag":[],"class_list":{"0":"post-10180","1":"product","2":"type-product","3":"status-publish","4":"has-post-thumbnail","6":"product_brand-izeltas","7":"product_cat-tools","8":"product_cat-hand-tools","9":"product_cat-electrical","12":"instock","13":"shipping-taxable","14":"purchasable","15":"product-type-simple"},"_links":{"self":[{"href":"https:\/\/newhometr.com\/store\/wp-json\/wp\/v2\/product\/10180","targetHints":{"allow":["GET"]}}],"collection":[{"href":"https:\/\/newhometr.com\/store\/wp-json\/wp\/v2\/product"}],"about":[{"href":"https:\/\/newhometr.com\/store\/wp-json\/wp\/v2\/types\/product"}],"replies":[{"embeddable":true,"href":"https:\/\/newhometr.com\/store\/wp-json\/wp\/v2\/comments?post=10180"}],"version-history":[{"count":1,"href":"https:\/\/newhometr.com\/store\/wp-json\/wp\/v2\/product\/10180\/revisions"}],"predecessor-version":[{"id":10182,"href":"https:\/\/newhometr.com\/store\/wp-json\/wp\/v2\/product\/10180\/revisions\/10182"}],"wp:featuredmedia":[{"embeddable":true,"href":"https:\/\/newhometr.com\/store\/wp-json\/wp\/v2\/media\/10181"}],"wp:attachment":[{"href":"https:\/\/newhometr.com\/store\/wp-json\/wp\/v2\/media?parent=10180"}],"wp:term":[{"taxonomy":"product_brand","embeddable":true,"href":"https:\/\/newhometr.com\/store\/wp-json\/wp\/v2\/product_brand?post=10180"},{"taxonomy":"product_cat","embeddable":true,"href":"https:\/\/newhometr.com\/store\/wp-json\/wp\/v2\/product_cat?post=10180"},{"taxonomy":"product_tag","embeddable":true,"href":"https:\/\/newhometr.com\/store\/wp-json\/wp\/v2\/product_tag?post=10180"}],"curies":[{"name":"wp","href":"https:\/\/api.w.org\/{rel}","templated":true}]}}