{"id":10174,"date":"2025-06-24T17:19:11","date_gmt":"2025-06-24T17:19:11","guid":{"rendered":"https:\/\/newhometr.com\/store\/?post_type=product&#038;p=10174"},"modified":"2025-06-28T11:04:50","modified_gmt":"2025-06-28T11:04:50","slug":"ack-10a-250w-24v-led-surucu-ay02-12500","status":"publish","type":"product","link":"https:\/\/newhometr.com\/store\/product\/ack-10a-250w-24v-led-surucu-ay02-12500\/","title":{"rendered":"ACK 10A 250W 24V LED S\u00fcr\u00fcc\u00fc AY02-12500"},"content":{"rendered":"<p>\u00dcr\u00fcn \u00d6zellikleri<\/p>\n<ul>\n<li>Giri\u015f Voltaj\u0131: 220V<\/li>\n<li>\u00c7\u0131k\u0131\u015f Voltaj\u0131: 24V<\/li>\n<li>\u00c7\u0131k\u0131\u015f G\u00fcc\u00fc : 250 Watt<\/li>\n<li>50-60 Hz<\/li>\n<li>69X40X224<\/li>\n<li>IP20 Koruma<\/li>\n<\/ul>\n","protected":false},"excerpt":{"rendered":"<p>\u00dcr\u00fcn \u00d6zellikleri Giri\u015f Voltaj\u0131: 220V \u00c7\u0131k\u0131\u015f Voltaj\u0131: 24V \u00c7\u0131k\u0131\u015f G\u00fcc\u00fc : 250 Watt 50-60 Hz 69X40X224 IP20 Koruma<\/p>\n","protected":false},"featured_media":10175,"comment_status":"open","ping_status":"closed","template":"","meta":[],"product_brand":[426],"product_cat":[460,43],"product_tag":[],"class_list":{"0":"post-10174","1":"product","2":"type-product","3":"status-publish","4":"has-post-thumbnail","6":"product_brand-ack","7":"product_cat-lighting","8":"product_cat-electrical","11":"instock","12":"shipping-taxable","13":"purchasable","14":"product-type-simple"},"_links":{"self":[{"href":"https:\/\/newhometr.com\/store\/wp-json\/wp\/v2\/product\/10174","targetHints":{"allow":["GET"]}}],"collection":[{"href":"https:\/\/newhometr.com\/store\/wp-json\/wp\/v2\/product"}],"about":[{"href":"https:\/\/newhometr.com\/store\/wp-json\/wp\/v2\/types\/product"}],"replies":[{"embeddable":true,"href":"https:\/\/newhometr.com\/store\/wp-json\/wp\/v2\/comments?post=10174"}],"version-history":[{"count":1,"href":"https:\/\/newhometr.com\/store\/wp-json\/wp\/v2\/product\/10174\/revisions"}],"predecessor-version":[{"id":10176,"href":"https:\/\/newhometr.com\/store\/wp-json\/wp\/v2\/product\/10174\/revisions\/10176"}],"wp:featuredmedia":[{"embeddable":true,"href":"https:\/\/newhometr.com\/store\/wp-json\/wp\/v2\/media\/10175"}],"wp:attachment":[{"href":"https:\/\/newhometr.com\/store\/wp-json\/wp\/v2\/media?parent=10174"}],"wp:term":[{"taxonomy":"product_brand","embeddable":true,"href":"https:\/\/newhometr.com\/store\/wp-json\/wp\/v2\/product_brand?post=10174"},{"taxonomy":"product_cat","embeddable":true,"href":"https:\/\/newhometr.com\/store\/wp-json\/wp\/v2\/product_cat?post=10174"},{"taxonomy":"product_tag","embeddable":true,"href":"https:\/\/newhometr.com\/store\/wp-json\/wp\/v2\/product_tag?post=10174"}],"curies":[{"name":"wp","href":"https:\/\/api.w.org\/{rel}","templated":true}]}}