{"id":10170,"date":"2025-06-24T17:11:06","date_gmt":"2025-06-24T17:11:06","guid":{"rendered":"https:\/\/newhometr.com\/store\/?post_type=product&#038;p=10170"},"modified":"2025-06-28T10:21:34","modified_gmt":"2025-06-28T10:21:34","slug":"darklight-33-68w-2250-mm-linear-duz-difuzor-dl3358-2250","status":"publish","type":"product","link":"https:\/\/newhometr.com\/store\/product\/darklight-33-68w-2250-mm-linear-duz-difuzor-dl3358-2250\/","title":{"rendered":"Darklight 33 68W 2250 mm Linear D\u00fcz Dif\u00fcz\u00f6r DL3358 2250"},"content":{"rendered":"<ul>\n<li>\u2666 Darklight bir Elektrik Market markas\u0131d\u0131r.<br \/>\nDarklight 33 Linear D\u00fcz Dif\u00fcz\u00f6r<br \/>\n\u00dcr\u00fcn \u00d6zellikleri<\/li>\n<li>68 Watt<\/li>\n<li>D\u00fcz Dif\u00fcz\u00f6r<\/li>\n<li>225 cm Uzunluk<\/li>\n<li>33x58X2250mm Profil<\/li>\n<li>7480 L\u00fcmen<\/li>\n<li>3000K\/4000K\/6500K<\/li>\n<li>RA\u226580<\/li>\n<li>S\u0131va \u00dcst\u00fc Kullan\u0131m<\/li>\n<li>Kasa rengi : Siyah &#8211; &#8221;\u00d6zel renkler i\u00e7in irtibata ge\u00e7ebilirsiniz.&#8221;<\/li>\n<li>IP20 Koruma<\/li>\n<li>50.000 Saat kullan\u0131m \u00f6mr\u00fc<\/li>\n<li>2 Y\u0131l Garanti<\/li>\n<li>Men\u015fei T\u00fcrkiye<\/li>\n<\/ul>\n<p>Sark\u0131t aparat\u0131 fiyat&#8217; a dahil de\u011fildir. Ekstra sat\u0131n alman\u0131z gerekmektedir.<\/p>\n","protected":false},"excerpt":{"rendered":"<p>\u2666 Darklight bir Elektrik Market markas\u0131d\u0131r. Darklight 33 Linear D\u00fcz Dif\u00fcz\u00f6r \u00dcr\u00fcn \u00d6zellikleri 68 Watt D\u00fcz Dif\u00fcz\u00f6r 225 cm Uzunluk 33x58X2250mm Profil 7480 L\u00fcmen 3000K\/4000K\/6500K RA\u226580 S\u0131va \u00dcst\u00fc Kullan\u0131m Kasa rengi : Siyah &#8211; &#8221;\u00d6zel renkler i\u00e7in irtibata ge\u00e7ebilirsiniz.&#8221; IP20 Koruma 50.000 Saat kullan\u0131m \u00f6mr\u00fc 2 Y\u0131l Garanti Men\u015fei T\u00fcrkiye Sark\u0131t aparat\u0131 fiyat&#8217; a dahil &hellip; <a href=\"https:\/\/newhometr.com\/store\/product\/darklight-33-68w-2250-mm-linear-duz-difuzor-dl3358-2250\/\" class=\"more-link\">Continue reading <span class=\"screen-reader-text\">Darklight 33 68W 2250 mm Linear D\u00fcz Dif\u00fcz\u00f6r DL3358 2250<\/span><\/a><\/p>\n","protected":false},"featured_media":10171,"comment_status":"open","ping_status":"closed","template":"","meta":[],"product_brand":[428],"product_cat":[460,43],"product_tag":[],"class_list":{"0":"post-10170","1":"product","2":"type-product","3":"status-publish","4":"has-post-thumbnail","6":"product_brand-darklight","7":"product_cat-lighting","8":"product_cat-electrical","11":"instock","12":"shipping-taxable","13":"purchasable","14":"product-type-simple"},"_links":{"self":[{"href":"https:\/\/newhometr.com\/store\/wp-json\/wp\/v2\/product\/10170","targetHints":{"allow":["GET"]}}],"collection":[{"href":"https:\/\/newhometr.com\/store\/wp-json\/wp\/v2\/product"}],"about":[{"href":"https:\/\/newhometr.com\/store\/wp-json\/wp\/v2\/types\/product"}],"replies":[{"embeddable":true,"href":"https:\/\/newhometr.com\/store\/wp-json\/wp\/v2\/comments?post=10170"}],"version-history":[{"count":2,"href":"https:\/\/newhometr.com\/store\/wp-json\/wp\/v2\/product\/10170\/revisions"}],"predecessor-version":[{"id":10173,"href":"https:\/\/newhometr.com\/store\/wp-json\/wp\/v2\/product\/10170\/revisions\/10173"}],"wp:featuredmedia":[{"embeddable":true,"href":"https:\/\/newhometr.com\/store\/wp-json\/wp\/v2\/media\/10171"}],"wp:attachment":[{"href":"https:\/\/newhometr.com\/store\/wp-json\/wp\/v2\/media?parent=10170"}],"wp:term":[{"taxonomy":"product_brand","embeddable":true,"href":"https:\/\/newhometr.com\/store\/wp-json\/wp\/v2\/product_brand?post=10170"},{"taxonomy":"product_cat","embeddable":true,"href":"https:\/\/newhometr.com\/store\/wp-json\/wp\/v2\/product_cat?post=10170"},{"taxonomy":"product_tag","embeddable":true,"href":"https:\/\/newhometr.com\/store\/wp-json\/wp\/v2\/product_tag?post=10170"}],"curies":[{"name":"wp","href":"https:\/\/api.w.org\/{rel}","templated":true}]}}