{"id":10167,"date":"2025-06-24T16:59:25","date_gmt":"2025-06-24T16:59:25","guid":{"rendered":"https:\/\/newhometr.com\/store\/?post_type=product&#038;p=10167"},"modified":"2025-06-28T16:31:27","modified_gmt":"2025-06-28T16:31:27","slug":"mutlusan-comfort-24li-sigorta-kutusu-siva-alti-001-057-000024-00-00","status":"publish","type":"product","link":"https:\/\/newhometr.com\/store\/product\/mutlusan-comfort-24li-sigorta-kutusu-siva-alti-001-057-000024-00-00\/","title":{"rendered":"Mutlusan Comfort 24&#8217;li Sigorta Kutusu S\u0131va Alt\u0131- 001 057 000024 00 00"},"content":{"rendered":"<p>Mutlusan Comfort 24&#8217;li Sigorta Kutusu<\/p>\n<p>32 Cm x 25 Cm x 8 Cm<br \/>\n-Kutular elektriksel korumay\u0131 sa\u011flayacak \u015fekilde tasarlanm\u0131\u015ft\u0131r<\/p>\n<p>-Kutular\u0131n giri\u015f delikleri boru giri\u015fine uygundur<\/p>\n<p>-Kutular\u0131n normal kullan\u0131m s\u00fcrecinde olu\u015fa bilecek ya\u015flanma ve nemli \u015fartlara kar\u015f\u0131 dayan\u0131kl\u0131l\u0131\u011f\u0131, kullan\u0131lan metal malzemelerin paslanmaya kar\u015f\u0131 dayan\u0131kl\u0131l\u0131\u011f\u0131, s\u0131zd\u0131rmazl\u0131k ve a\u015f\u0131nma testleri ve elektrik \u00e7arpmas\u0131na kar\u015f\u0131 koruma testleri, neme ve ya\u015flanmaya kar\u015f\u0131 dayan\u0131kl\u0131l\u0131k testleri, \u0131s\u0131ya dayan\u0131kl\u0131l\u0131k testleri, mekanik dayan\u0131kl\u0131l\u0131k testleri ve ola\u011fan d\u0131\u015f\u0131 \u0131s\u0131ya kar\u015f\u0131 dayan\u0131kl\u0131l\u0131k testleri TS EN 60670-1 \/ ARALIK 2005 standard\u0131 kapsam\u0131nda yap\u0131lan yeterlilik testleri ile do\u011frulanm\u0131\u015ft\u0131r.<\/p>\n<p>Tesis Ve Uygulama<\/p>\n<p>-Sa\u011flam, yanmaz duvarlarda kullan\u0131ma uygundur.\u0130n\u015faat s\u0131ras\u0131nda ve in\u015faat i\u015flenminden sonra montaja elveri\u015flidir.<\/p>\n<p>-Sert, yanabilir duvarlarda ve tavanlarda kullan\u0131ma uygundur.<\/p>\n<p>-Beton i\u00e7erisi hari\u00e7 t\u00fcm montaj tipleri i\u00e7in uygundur<\/p>\n<p>-Kutular\u0131n s\u0131va \u00fcst\u00fc ve s\u0131va alt\u0131 tespiti son derece kolay yap\u0131labilecek \u015fekilde tasarlanm\u0131\u015ft\u0131r.<\/p>\n","protected":false},"excerpt":{"rendered":"<p>Mutlusan Comfort 24&#8217;li Sigorta Kutusu 32 Cm x 25 Cm x 8 Cm -Kutular elektriksel korumay\u0131 sa\u011flayacak \u015fekilde tasarlanm\u0131\u015ft\u0131r -Kutular\u0131n giri\u015f delikleri boru giri\u015fine uygundur -Kutular\u0131n normal kullan\u0131m s\u00fcrecinde olu\u015fa bilecek ya\u015flanma ve nemli \u015fartlara kar\u015f\u0131 dayan\u0131kl\u0131l\u0131\u011f\u0131, kullan\u0131lan metal malzemelerin paslanmaya kar\u015f\u0131 dayan\u0131kl\u0131l\u0131\u011f\u0131, s\u0131zd\u0131rmazl\u0131k ve a\u015f\u0131nma testleri ve elektrik \u00e7arpmas\u0131na kar\u015f\u0131 koruma testleri, neme ve &hellip; <a href=\"https:\/\/newhometr.com\/store\/product\/mutlusan-comfort-24li-sigorta-kutusu-siva-alti-001-057-000024-00-00\/\" class=\"more-link\">Continue reading <span class=\"screen-reader-text\">Mutlusan Comfort 24&#8217;li Sigorta Kutusu S\u0131va Alt\u0131- 001 057 000024 00 00<\/span><\/a><\/p>\n","protected":false},"featured_media":10168,"comment_status":"open","ping_status":"closed","template":"","meta":[],"product_brand":[422],"product_cat":[461,43],"product_tag":[],"class_list":{"0":"post-10167","1":"product","2":"type-product","3":"status-publish","4":"has-post-thumbnail","6":"product_brand-mutlusan","7":"product_cat-circuit-breakers-electrical-panels","8":"product_cat-electrical","11":"instock","12":"shipping-taxable","13":"purchasable","14":"product-type-simple"},"_links":{"self":[{"href":"https:\/\/newhometr.com\/store\/wp-json\/wp\/v2\/product\/10167","targetHints":{"allow":["GET"]}}],"collection":[{"href":"https:\/\/newhometr.com\/store\/wp-json\/wp\/v2\/product"}],"about":[{"href":"https:\/\/newhometr.com\/store\/wp-json\/wp\/v2\/types\/product"}],"replies":[{"embeddable":true,"href":"https:\/\/newhometr.com\/store\/wp-json\/wp\/v2\/comments?post=10167"}],"version-history":[{"count":3,"href":"https:\/\/newhometr.com\/store\/wp-json\/wp\/v2\/product\/10167\/revisions"}],"predecessor-version":[{"id":10518,"href":"https:\/\/newhometr.com\/store\/wp-json\/wp\/v2\/product\/10167\/revisions\/10518"}],"wp:featuredmedia":[{"embeddable":true,"href":"https:\/\/newhometr.com\/store\/wp-json\/wp\/v2\/media\/10168"}],"wp:attachment":[{"href":"https:\/\/newhometr.com\/store\/wp-json\/wp\/v2\/media?parent=10167"}],"wp:term":[{"taxonomy":"product_brand","embeddable":true,"href":"https:\/\/newhometr.com\/store\/wp-json\/wp\/v2\/product_brand?post=10167"},{"taxonomy":"product_cat","embeddable":true,"href":"https:\/\/newhometr.com\/store\/wp-json\/wp\/v2\/product_cat?post=10167"},{"taxonomy":"product_tag","embeddable":true,"href":"https:\/\/newhometr.com\/store\/wp-json\/wp\/v2\/product_tag?post=10167"}],"curies":[{"name":"wp","href":"https:\/\/api.w.org\/{rel}","templated":true}]}}