{"id":10161,"date":"2025-06-24T16:43:58","date_gmt":"2025-06-24T16:43:58","guid":{"rendered":"https:\/\/newhometr.com\/store\/?post_type=product&#038;p=10161"},"modified":"2025-06-28T10:11:32","modified_gmt":"2025-06-28T10:11:32","slug":"ack-9w-dimlenebilir-led-a60-ampul-4000k-aa14-01021","status":"publish","type":"product","link":"https:\/\/newhometr.com\/store\/product\/ack-9w-dimlenebilir-led-a60-ampul-4000k-aa14-01021\/","title":{"rendered":"ACK 9W Dimlenebilir LED A60 Ampul 4000K AA14-01021"},"content":{"rendered":"<p>\u00dcr\u00fcn \u00d6zellikleri<\/p>\n<ul>\n<li>\u00a0Dimlenebilir<\/li>\n<li>9 Watt<\/li>\n<li>4000K Natural Beyaz<\/li>\n<li>900 L\u00fcmen<\/li>\n<li>E27 Duy<\/li>\n<li>\u00d860 X 108<\/li>\n<li>24 Ay Garanti<\/li>\n<\/ul>\n","protected":false},"excerpt":{"rendered":"<p>\u00dcr\u00fcn \u00d6zellikleri \u00a0Dimlenebilir 9 Watt 4000K Natural Beyaz 900 L\u00fcmen E27 Duy \u00d860 X 108 24 Ay Garanti<\/p>\n","protected":false},"featured_media":10162,"comment_status":"open","ping_status":"closed","template":"","meta":[],"product_brand":[426],"product_cat":[460,43],"product_tag":[],"class_list":{"0":"post-10161","1":"product","2":"type-product","3":"status-publish","4":"has-post-thumbnail","6":"product_brand-ack","7":"product_cat-lighting","8":"product_cat-electrical","11":"instock","12":"shipping-taxable","13":"purchasable","14":"product-type-simple"},"_links":{"self":[{"href":"https:\/\/newhometr.com\/store\/wp-json\/wp\/v2\/product\/10161","targetHints":{"allow":["GET"]}}],"collection":[{"href":"https:\/\/newhometr.com\/store\/wp-json\/wp\/v2\/product"}],"about":[{"href":"https:\/\/newhometr.com\/store\/wp-json\/wp\/v2\/types\/product"}],"replies":[{"embeddable":true,"href":"https:\/\/newhometr.com\/store\/wp-json\/wp\/v2\/comments?post=10161"}],"version-history":[{"count":1,"href":"https:\/\/newhometr.com\/store\/wp-json\/wp\/v2\/product\/10161\/revisions"}],"predecessor-version":[{"id":10163,"href":"https:\/\/newhometr.com\/store\/wp-json\/wp\/v2\/product\/10161\/revisions\/10163"}],"wp:featuredmedia":[{"embeddable":true,"href":"https:\/\/newhometr.com\/store\/wp-json\/wp\/v2\/media\/10162"}],"wp:attachment":[{"href":"https:\/\/newhometr.com\/store\/wp-json\/wp\/v2\/media?parent=10161"}],"wp:term":[{"taxonomy":"product_brand","embeddable":true,"href":"https:\/\/newhometr.com\/store\/wp-json\/wp\/v2\/product_brand?post=10161"},{"taxonomy":"product_cat","embeddable":true,"href":"https:\/\/newhometr.com\/store\/wp-json\/wp\/v2\/product_cat?post=10161"},{"taxonomy":"product_tag","embeddable":true,"href":"https:\/\/newhometr.com\/store\/wp-json\/wp\/v2\/product_tag?post=10161"}],"curies":[{"name":"wp","href":"https:\/\/api.w.org\/{rel}","templated":true}]}}