{"id":10154,"date":"2025-06-24T15:53:54","date_gmt":"2025-06-24T15:53:54","guid":{"rendered":"https:\/\/newhometr.com\/store\/?post_type=product&#038;p=10154"},"modified":"2025-06-28T10:07:00","modified_gmt":"2025-06-28T10:07:00","slug":"global-k2-kes170-9-5-watt-230v-e27-led-ampul-beyaz","status":"publish","type":"product","link":"https:\/\/newhometr.com\/store\/product\/global-k2-kes170-9-5-watt-230v-e27-led-ampul-beyaz\/","title":{"rendered":"Global K2 Kes170 9.5 Watt 230V E27 Led Ampul Beyaz"},"content":{"rendered":"<p>\u00dcr\u00fcn \u00d6zellikleri<br \/>\nMarka Global K2<br \/>\n\u00dcr\u00fcn Kodu: 240222051933<br \/>\nKes170 9.5Watt 230V Led Ampul Beyaz<br \/>\nE27 Duy<\/p>\n","protected":false},"excerpt":{"rendered":"<p>\u00dcr\u00fcn \u00d6zellikleri Marka Global K2 \u00dcr\u00fcn Kodu: 240222051933 Kes170 9.5Watt 230V Led Ampul Beyaz E27 Duy<\/p>\n","protected":false},"featured_media":10155,"comment_status":"open","ping_status":"closed","template":"","meta":[],"product_brand":[424],"product_cat":[460,43],"product_tag":[],"class_list":{"0":"post-10154","1":"product","2":"type-product","3":"status-publish","4":"has-post-thumbnail","6":"product_brand-global-k2","7":"product_cat-lighting","8":"product_cat-electrical","11":"instock","12":"shipping-taxable","13":"purchasable","14":"product-type-simple"},"_links":{"self":[{"href":"https:\/\/newhometr.com\/store\/wp-json\/wp\/v2\/product\/10154","targetHints":{"allow":["GET"]}}],"collection":[{"href":"https:\/\/newhometr.com\/store\/wp-json\/wp\/v2\/product"}],"about":[{"href":"https:\/\/newhometr.com\/store\/wp-json\/wp\/v2\/types\/product"}],"replies":[{"embeddable":true,"href":"https:\/\/newhometr.com\/store\/wp-json\/wp\/v2\/comments?post=10154"}],"version-history":[{"count":1,"href":"https:\/\/newhometr.com\/store\/wp-json\/wp\/v2\/product\/10154\/revisions"}],"predecessor-version":[{"id":10156,"href":"https:\/\/newhometr.com\/store\/wp-json\/wp\/v2\/product\/10154\/revisions\/10156"}],"wp:featuredmedia":[{"embeddable":true,"href":"https:\/\/newhometr.com\/store\/wp-json\/wp\/v2\/media\/10155"}],"wp:attachment":[{"href":"https:\/\/newhometr.com\/store\/wp-json\/wp\/v2\/media?parent=10154"}],"wp:term":[{"taxonomy":"product_brand","embeddable":true,"href":"https:\/\/newhometr.com\/store\/wp-json\/wp\/v2\/product_brand?post=10154"},{"taxonomy":"product_cat","embeddable":true,"href":"https:\/\/newhometr.com\/store\/wp-json\/wp\/v2\/product_cat?post=10154"},{"taxonomy":"product_tag","embeddable":true,"href":"https:\/\/newhometr.com\/store\/wp-json\/wp\/v2\/product_tag?post=10154"}],"curies":[{"name":"wp","href":"https:\/\/api.w.org\/{rel}","templated":true}]}}