{"id":10151,"date":"2025-06-24T15:45:25","date_gmt":"2025-06-24T15:45:25","guid":{"rendered":"https:\/\/newhometr.com\/store\/?post_type=product&#038;p=10151"},"modified":"2025-06-28T09:59:16","modified_gmt":"2025-06-28T09:59:16","slug":"depa-universal-fis-evrensel-adaptor-11117-syh","status":"publish","type":"product","link":"https:\/\/newhometr.com\/store\/product\/depa-universal-fis-evrensel-adaptor-11117-syh\/","title":{"rendered":"Depa \u00dcniversal Fi\u015f Evrensel Adapt\u00f6r 11117 Syh"},"content":{"rendered":"<p>Teknik \u00d6zellik<\/p>\n<ul>\n<li>Depa \u00dcniversal Fi\u015f \u00c7evirici<\/li>\n<li>Amerikan-\u0130ngiliz Fi\u015f D\u00f6n\u00fc\u015ft\u00fcr\u00fcc\u00fc<\/li>\n<li>\u00dcr\u00fcn Kodu 11117<\/li>\n<li>10A-250V<\/li>\n<\/ul>\n","protected":false},"excerpt":{"rendered":"<p>Teknik \u00d6zellik Depa \u00dcniversal Fi\u015f \u00c7evirici Amerikan-\u0130ngiliz Fi\u015f D\u00f6n\u00fc\u015ft\u00fcr\u00fcc\u00fc \u00dcr\u00fcn Kodu 11117 10A-250V<\/p>\n","protected":false},"featured_media":10152,"comment_status":"open","ping_status":"closed","template":"","meta":[],"product_brand":[423],"product_cat":[459,43],"product_tag":[],"class_list":{"0":"post-10151","1":"product","2":"type-product","3":"status-publish","4":"has-post-thumbnail","6":"product_brand-depa","7":"product_cat-switches-and-sockets","8":"product_cat-electrical","11":"instock","12":"shipping-taxable","13":"purchasable","14":"product-type-simple"},"_links":{"self":[{"href":"https:\/\/newhometr.com\/store\/wp-json\/wp\/v2\/product\/10151","targetHints":{"allow":["GET"]}}],"collection":[{"href":"https:\/\/newhometr.com\/store\/wp-json\/wp\/v2\/product"}],"about":[{"href":"https:\/\/newhometr.com\/store\/wp-json\/wp\/v2\/types\/product"}],"replies":[{"embeddable":true,"href":"https:\/\/newhometr.com\/store\/wp-json\/wp\/v2\/comments?post=10151"}],"version-history":[{"count":1,"href":"https:\/\/newhometr.com\/store\/wp-json\/wp\/v2\/product\/10151\/revisions"}],"predecessor-version":[{"id":10153,"href":"https:\/\/newhometr.com\/store\/wp-json\/wp\/v2\/product\/10151\/revisions\/10153"}],"wp:featuredmedia":[{"embeddable":true,"href":"https:\/\/newhometr.com\/store\/wp-json\/wp\/v2\/media\/10152"}],"wp:attachment":[{"href":"https:\/\/newhometr.com\/store\/wp-json\/wp\/v2\/media?parent=10151"}],"wp:term":[{"taxonomy":"product_brand","embeddable":true,"href":"https:\/\/newhometr.com\/store\/wp-json\/wp\/v2\/product_brand?post=10151"},{"taxonomy":"product_cat","embeddable":true,"href":"https:\/\/newhometr.com\/store\/wp-json\/wp\/v2\/product_cat?post=10151"},{"taxonomy":"product_tag","embeddable":true,"href":"https:\/\/newhometr.com\/store\/wp-json\/wp\/v2\/product_tag?post=10151"}],"curies":[{"name":"wp","href":"https:\/\/api.w.org\/{rel}","templated":true}]}}