{"id":10144,"date":"2025-06-24T15:15:06","date_gmt":"2025-06-24T15:15:06","guid":{"rendered":"https:\/\/newhometr.com\/store\/?post_type=product&#038;p=10144"},"modified":"2025-06-27T21:44:32","modified_gmt":"2025-06-27T21:44:32","slug":"mutlusan-mektus-toprakli-priz-rita-natural-beyaz-2200-600-0201","status":"publish","type":"product","link":"https:\/\/newhometr.com\/store\/product\/mutlusan-mektus-toprakli-priz-rita-natural-beyaz-2200-600-0201\/","title":{"rendered":"Mutlusan Mek+Tu\u015f Toprakl\u0131 Priz Rita Natural &#8211; Beyaz 2200 600 0201"},"content":{"rendered":"<p><strong>Mutlusan Toprakl\u0131 Priz<\/strong><br \/>\n<strong>\u00dcr\u00fcn \u00d6zellikleri<\/strong><\/p>\n<ul>\n<li>Mek + Tu\u015f<\/li>\n<li>Toprakl\u0131 Priz<\/li>\n<li>Rita<\/li>\n<li>Natural \u2013 Beyaz<\/li>\n<li>\u00c7er\u00e7eve Hari\u00e7<\/li>\n<\/ul>\n","protected":false},"excerpt":{"rendered":"<p>Mutlusan Toprakl\u0131 Priz \u00dcr\u00fcn \u00d6zellikleri Mek + Tu\u015f Toprakl\u0131 Priz Rita Natural \u2013 Beyaz \u00c7er\u00e7eve Hari\u00e7<\/p>\n","protected":false},"featured_media":10145,"comment_status":"open","ping_status":"closed","template":"","meta":[],"product_brand":[422],"product_cat":[459,43],"product_tag":[],"class_list":{"0":"post-10144","1":"product","2":"type-product","3":"status-publish","4":"has-post-thumbnail","6":"product_brand-mutlusan","7":"product_cat-switches-and-sockets","8":"product_cat-electrical","11":"instock","12":"shipping-taxable","13":"purchasable","14":"product-type-simple"},"_links":{"self":[{"href":"https:\/\/newhometr.com\/store\/wp-json\/wp\/v2\/product\/10144","targetHints":{"allow":["GET"]}}],"collection":[{"href":"https:\/\/newhometr.com\/store\/wp-json\/wp\/v2\/product"}],"about":[{"href":"https:\/\/newhometr.com\/store\/wp-json\/wp\/v2\/types\/product"}],"replies":[{"embeddable":true,"href":"https:\/\/newhometr.com\/store\/wp-json\/wp\/v2\/comments?post=10144"}],"version-history":[{"count":3,"href":"https:\/\/newhometr.com\/store\/wp-json\/wp\/v2\/product\/10144\/revisions"}],"predecessor-version":[{"id":10500,"href":"https:\/\/newhometr.com\/store\/wp-json\/wp\/v2\/product\/10144\/revisions\/10500"}],"wp:featuredmedia":[{"embeddable":true,"href":"https:\/\/newhometr.com\/store\/wp-json\/wp\/v2\/media\/10145"}],"wp:attachment":[{"href":"https:\/\/newhometr.com\/store\/wp-json\/wp\/v2\/media?parent=10144"}],"wp:term":[{"taxonomy":"product_brand","embeddable":true,"href":"https:\/\/newhometr.com\/store\/wp-json\/wp\/v2\/product_brand?post=10144"},{"taxonomy":"product_cat","embeddable":true,"href":"https:\/\/newhometr.com\/store\/wp-json\/wp\/v2\/product_cat?post=10144"},{"taxonomy":"product_tag","embeddable":true,"href":"https:\/\/newhometr.com\/store\/wp-json\/wp\/v2\/product_tag?post=10144"}],"curies":[{"name":"wp","href":"https:\/\/api.w.org\/{rel}","templated":true}]}}