{"id":10124,"date":"2025-06-22T17:52:16","date_gmt":"2025-06-22T17:52:16","guid":{"rendered":"https:\/\/newhometr.com\/store\/?post_type=product&#038;p=10124"},"modified":"2025-06-27T18:40:24","modified_gmt":"2025-06-27T18:40:24","slug":"viko-karre-toprakli-priz-beyaz-cerceve-haric-90967008","status":"publish","type":"product","link":"https:\/\/newhometr.com\/store\/product\/viko-karre-toprakli-priz-beyaz-cerceve-haric-90967008\/","title":{"rendered":"Viko Karre Toprakl\u0131 Priz &#8211; Beyaz (\u00c7er\u00e7eve Hari\u00e7) 90967008"},"content":{"rendered":"<p>&#8220;S\u00fcrd\u00fcr\u00fclebilir ayd\u0131nl\u0131k bir gelecek hedefinin \u0131\u015f\u0131\u011f\u0131nda, keskin hatlara ve soylu renklere sahip, minimalist Karre serisiyle, \u015f\u0131kl\u0131\u011f\u0131 hayat\u0131n bir par\u00e7as\u0131 yap\u0131yor.<\/p>\n<p>Karre, Easy Connect \u00f6zelli\u011fi sayesinde elektirk kablosuna kolayca ba\u011flan\u0131yor. Yuvas\u0131na hemen oturuyor. Beyaz ve Krem renk se\u00e7enekleriyle Karre anahtar ve priz serisi, ikili, \u00fc\u00e7l\u00fc, d\u00f6rtl\u00fc, be\u015fli, alt\u0131l\u0131 yatay ve dikey \u00e7er\u00e7eveleriyle farkl\u0131 kullan\u0131m alanlar\u0131 i\u00e7in alternatif \u00e7\u00f6z\u00fcmler sunuyor.<\/p>\n<p>S\u0131va \u00fcst\u00fc kullan\u0131mlar i\u00e7in, s\u0131va \u00fcst\u00fc kasalar en ideal \u00e7\u00f6z\u00fcm\u00fc sunmaktad\u0131r. Karre \u00fcr\u00fcn grubuna ait b\u00fct\u00fcn \u00fcr\u00fcnler s\u0131va \u00fcst\u00fc kasalar ile birlikte kullan\u0131labilmektedir.<\/p>\n<p>Karre beyaz ve krem \u00e7er\u00e7eve se\u00e7enekleri; ikili, \u00fc\u00e7l\u00fc, d\u00f6rtl\u00fc, be\u015fli ve alt\u0131l\u0131 yatay ve dikey uygulama \u00e7\u00f6z\u00fcmleri sunmaktad\u0131r.<\/p>\n<p>&nbsp;<\/p>\n","protected":false},"excerpt":{"rendered":"<p>&#8220;S\u00fcrd\u00fcr\u00fclebilir ayd\u0131nl\u0131k bir gelecek hedefinin \u0131\u015f\u0131\u011f\u0131nda, keskin hatlara ve soylu renklere sahip, minimalist Karre serisiyle, \u015f\u0131kl\u0131\u011f\u0131 hayat\u0131n bir par\u00e7as\u0131 yap\u0131yor. Karre, Easy Connect \u00f6zelli\u011fi sayesinde elektirk kablosuna kolayca ba\u011flan\u0131yor. Yuvas\u0131na hemen oturuyor. Beyaz ve Krem renk se\u00e7enekleriyle Karre anahtar ve priz serisi, ikili, \u00fc\u00e7l\u00fc, d\u00f6rtl\u00fc, be\u015fli, alt\u0131l\u0131 yatay ve dikey \u00e7er\u00e7eveleriyle farkl\u0131 kullan\u0131m alanlar\u0131 i\u00e7in &hellip; <a href=\"https:\/\/newhometr.com\/store\/product\/viko-karre-toprakli-priz-beyaz-cerceve-haric-90967008\/\" class=\"more-link\">Continue reading <span class=\"screen-reader-text\">Viko Karre Toprakl\u0131 Priz &#8211; Beyaz (\u00c7er\u00e7eve Hari\u00e7) 90967008<\/span><\/a><\/p>\n","protected":false},"featured_media":10127,"comment_status":"open","ping_status":"closed","template":"","meta":[],"product_brand":[421],"product_cat":[43,459],"product_tag":[],"class_list":{"0":"post-10124","1":"product","2":"type-product","3":"status-publish","4":"has-post-thumbnail","6":"product_brand-viko-by-panasonic","7":"product_cat-electrical","8":"product_cat-switches-and-sockets","11":"instock","12":"shipping-taxable","13":"purchasable","14":"product-type-simple"},"_links":{"self":[{"href":"https:\/\/newhometr.com\/store\/wp-json\/wp\/v2\/product\/10124","targetHints":{"allow":["GET"]}}],"collection":[{"href":"https:\/\/newhometr.com\/store\/wp-json\/wp\/v2\/product"}],"about":[{"href":"https:\/\/newhometr.com\/store\/wp-json\/wp\/v2\/types\/product"}],"replies":[{"embeddable":true,"href":"https:\/\/newhometr.com\/store\/wp-json\/wp\/v2\/comments?post=10124"}],"version-history":[{"count":4,"href":"https:\/\/newhometr.com\/store\/wp-json\/wp\/v2\/product\/10124\/revisions"}],"predecessor-version":[{"id":10499,"href":"https:\/\/newhometr.com\/store\/wp-json\/wp\/v2\/product\/10124\/revisions\/10499"}],"wp:featuredmedia":[{"embeddable":true,"href":"https:\/\/newhometr.com\/store\/wp-json\/wp\/v2\/media\/10127"}],"wp:attachment":[{"href":"https:\/\/newhometr.com\/store\/wp-json\/wp\/v2\/media?parent=10124"}],"wp:term":[{"taxonomy":"product_brand","embeddable":true,"href":"https:\/\/newhometr.com\/store\/wp-json\/wp\/v2\/product_brand?post=10124"},{"taxonomy":"product_cat","embeddable":true,"href":"https:\/\/newhometr.com\/store\/wp-json\/wp\/v2\/product_cat?post=10124"},{"taxonomy":"product_tag","embeddable":true,"href":"https:\/\/newhometr.com\/store\/wp-json\/wp\/v2\/product_tag?post=10124"}],"curies":[{"name":"wp","href":"https:\/\/api.w.org\/{rel}","templated":true}]}}